{"id":90,"date":"2024-04-18T22:17:05","date_gmt":"2024-04-19T01:17:05","guid":{"rendered":"https:\/\/maiamariana.com.br\/?page_id=90"},"modified":"2024-04-18T23:52:45","modified_gmt":"2024-04-19T02:52:45","slug":"pinturas-de-ase","status":"publish","type":"page","link":"https:\/\/maiamariana.com.br\/?page_id=90","title":{"rendered":"Pinturas de As\u00e9"},"content":{"rendered":"\n<p>S\u00e9rie de Pinturas Acr\u00edlicas.<\/p>\n\n\n\n<figure class=\"wp-block-image size-full is-resized\"><img loading=\"lazy\" decoding=\"async\" width=\"555\" height=\"312\" src=\"https:\/\/maiamariana.com.br\/wp-content\/uploads\/2024\/04\/11-removebg-preview-edited.png\" alt=\"\" class=\"wp-image-150\" style=\"width:763px;height:auto\" srcset=\"https:\/\/maiamariana.com.br\/wp-content\/uploads\/2024\/04\/11-removebg-preview-edited.png 555w, https:\/\/maiamariana.com.br\/wp-content\/uploads\/2024\/04\/11-removebg-preview-edited-300x169.png 300w\" sizes=\"auto, (max-width: 555px) 100vw, 555px\" \/><figcaption class=\"wp-element-caption\"><em>Preto sobre preto, d\u00edptico &#8211; S\u00e9rie Pinturas Pretas<\/em>. Acr\u00edlica sobre tela, 2023. 90 x 90 cm.<\/figcaption><\/figure>\n\n\n\n<!-- default-view.php -->\n<div\n\tclass=\"ngg-galleryoverview default-view \n\t\t\"\n\tid=\"ngg-gallery-15558241f66f4970c0d445c16dd45c19-1\">\n\n\t\t<!-- Thumbnails -->\n\t\t\t\t<div id=\"ngg-image-0\" class=\"ngg-gallery-thumbnail-box \n\t\t\t\t\t\t\t\t\t\t\t\" \n\t\t\t>\n\t\t\t\t\t\t<div class=\"ngg-gallery-thumbnail\">\n\t\t\t<a href=\"https:\/\/maiamariana.com.br\/wp-content\/gallery\/ase\/13.png\"\n\t\t\t\ttitle=\"ia\u00f4 - S\u00e9rie inspirada nas fotografias de Jos\u00e9 Medeiros. Acr\u00edlica sobre tela, 2023. 40 x 40 cm.\"\n\t\t\t\tdata-src=\"https:\/\/maiamariana.com.br\/wp-content\/gallery\/ase\/13.png\"\n\t\t\t\tdata-thumbnail=\"https:\/\/maiamariana.com.br\/wp-content\/gallery\/ase\/thumbs\/thumbs-13.png\"\n\t\t\t\tdata-image-id=\"14\"\n\t\t\t\tdata-title=\"ia\u00f4 - S\u00e9rie inspirada nas fotografias de Jos\u00e9 Medeiros. Acr\u00edlica sobre tela, 2023. 40 x 40 cm.\"\n\t\t\t\tdata-description=\"ia\u00f4 - S\u00e9rie inspirada nas fotografias de Jos\u00e9 Medeiros. Acr\u00edlica sobre tela, 2023. 40 x 40 cm.\"\n\t\t\t\tdata-image-slug=\"13\"\n\t\t\t\tclass=\"ngg-simplelightbox\" rel=\"15558241f66f4970c0d445c16dd45c19\">\n\t\t\t\t<img\n\t\t\t\t\ttitle=\"ia\u00f4 - S\u00e9rie inspirada nas fotografias de Jos\u00e9 Medeiros. Acr\u00edlica sobre tela, 2023. 40 x 40 cm.\"\n\t\t\t\t\talt=\"ia\u00f4 - S\u00e9rie inspirada nas fotografias de Jos\u00e9 Medeiros. Acr\u00edlica sobre tela, 2023. 40 x 40 cm.\"\n\t\t\t\t\tsrc=\"https:\/\/maiamariana.com.br\/wp-content\/gallery\/ase\/thumbs\/thumbs-13.png\"\n\t\t\t\t\twidth=\"240\"\n\t\t\t\t\theight=\"160\"\n\t\t\t\t\tstyle=\"max-width:100%;\"\n\t\t\t\t\/>\n\t\t\t<\/a>\n\t\t<\/div>\n\t\t\t\t\t\t\t<\/div> \n\t\t\t\n\t\t\t\t<div id=\"ngg-image-1\" class=\"ngg-gallery-thumbnail-box \n\t\t\t\t\t\t\t\t\t\t\t\" \n\t\t\t>\n\t\t\t\t\t\t<div class=\"ngg-gallery-thumbnail\">\n\t\t\t<a href=\"https:\/\/maiamariana.com.br\/wp-content\/gallery\/ase\/12.png\"\n\t\t\t\ttitle=\"Segredo - S\u00e9rie inspirada nas fotografias de Jos\u00e9 Medeiros. Acr\u00edlica e caneta posca sobre papel canso e bacia de alum\u00ednio, 2023. 53 cm de di\u00e2metro.\"\n\t\t\t\tdata-src=\"https:\/\/maiamariana.com.br\/wp-content\/gallery\/ase\/12.png\"\n\t\t\t\tdata-thumbnail=\"https:\/\/maiamariana.com.br\/wp-content\/gallery\/ase\/thumbs\/thumbs-12.png\"\n\t\t\t\tdata-image-id=\"15\"\n\t\t\t\tdata-title=\"Segredo - S\u00e9rie inspirada nas fotografias de Jos\u00e9 Medeiros. Acr\u00edlica e caneta posca sobre papel canso e bacia de alum\u00ednio, 2023. 53 cm de di\u00e2metro.\"\n\t\t\t\tdata-description=\"Segredo - S\u00e9rie inspirada nas fotografias de Jos\u00e9 Medeiros. Acr\u00edlica e caneta posca sobre papel canso e bacia de alum\u00ednio, 2023. 53 cm de di\u00e2metro.\"\n\t\t\t\tdata-image-slug=\"12\"\n\t\t\t\tclass=\"ngg-simplelightbox\" rel=\"15558241f66f4970c0d445c16dd45c19\">\n\t\t\t\t<img\n\t\t\t\t\ttitle=\"Segredo - S\u00e9rie inspirada nas fotografias de Jos\u00e9 Medeiros. Acr\u00edlica e caneta posca sobre papel canso e bacia de alum\u00ednio, 2023. 53 cm de di\u00e2metro.\"\n\t\t\t\t\talt=\"Segredo - S\u00e9rie inspirada nas fotografias de Jos\u00e9 Medeiros. Acr\u00edlica e caneta posca sobre papel canso e bacia de alum\u00ednio, 2023. 53 cm de di\u00e2metro.\"\n\t\t\t\t\tsrc=\"https:\/\/maiamariana.com.br\/wp-content\/gallery\/ase\/thumbs\/thumbs-12.png\"\n\t\t\t\t\twidth=\"240\"\n\t\t\t\t\theight=\"160\"\n\t\t\t\t\tstyle=\"max-width:100%;\"\n\t\t\t\t\/>\n\t\t\t<\/a>\n\t\t<\/div>\n\t\t\t\t\t\t\t<\/div> \n\t\t\t\n\t\t\t\t<div id=\"ngg-image-2\" class=\"ngg-gallery-thumbnail-box \n\t\t\t\t\t\t\t\t\t\t\t\" \n\t\t\t>\n\t\t\t\t\t\t<div class=\"ngg-gallery-thumbnail\">\n\t\t\t<a href=\"https:\/\/maiamariana.com.br\/wp-content\/gallery\/ase\/14.jpg\"\n\t\t\t\ttitle=\"Galinha de Macumba - S\u00e9rie Avi\u00e1rio Acr\u00edlica sobre tela, 2023. 30 x 30 cm.\"\n\t\t\t\tdata-src=\"https:\/\/maiamariana.com.br\/wp-content\/gallery\/ase\/14.jpg\"\n\t\t\t\tdata-thumbnail=\"https:\/\/maiamariana.com.br\/wp-content\/gallery\/ase\/thumbs\/thumbs-14.jpg\"\n\t\t\t\tdata-image-id=\"16\"\n\t\t\t\tdata-title=\"Galinha de Macumba - S\u00e9rie Avi\u00e1rio Acr\u00edlica sobre tela, 2023. 30 x 30 cm.\"\n\t\t\t\tdata-description=\"Galinha de Macumba - S\u00e9rie Avi\u00e1rio Acr\u00edlica sobre tela, 2023. 30 x 30 cm.\"\n\t\t\t\tdata-image-slug=\"14\"\n\t\t\t\tclass=\"ngg-simplelightbox\" rel=\"15558241f66f4970c0d445c16dd45c19\">\n\t\t\t\t<img\n\t\t\t\t\ttitle=\"Galinha de Macumba - S\u00e9rie Avi\u00e1rio Acr\u00edlica sobre tela, 2023. 30 x 30 cm.\"\n\t\t\t\t\talt=\"Galinha de Macumba - S\u00e9rie Avi\u00e1rio Acr\u00edlica sobre tela, 2023. 30 x 30 cm.\"\n\t\t\t\t\tsrc=\"https:\/\/maiamariana.com.br\/wp-content\/gallery\/ase\/thumbs\/thumbs-14.jpg\"\n\t\t\t\t\twidth=\"240\"\n\t\t\t\t\theight=\"160\"\n\t\t\t\t\tstyle=\"max-width:100%;\"\n\t\t\t\t\/>\n\t\t\t<\/a>\n\t\t<\/div>\n\t\t\t\t\t\t\t<\/div> \n\t\t\t\n\t\t\t\t<div id=\"ngg-image-3\" class=\"ngg-gallery-thumbnail-box \n\t\t\t\t\t\t\t\t\t\t\t\" \n\t\t\t>\n\t\t\t\t\t\t<div class=\"ngg-gallery-thumbnail\">\n\t\t\t<a href=\"https:\/\/maiamariana.com.br\/wp-content\/gallery\/ase\/20230130_092527-removebg-preview.png\"\n\t\t\t\ttitle=\"P\u00e9s de Galinha - S\u00e9rie Avi\u00e1rio Acr\u00edlica sobre tela, 2023 50 x 30 cm\"\n\t\t\t\tdata-src=\"https:\/\/maiamariana.com.br\/wp-content\/gallery\/ase\/20230130_092527-removebg-preview.png\"\n\t\t\t\tdata-thumbnail=\"https:\/\/maiamariana.com.br\/wp-content\/gallery\/ase\/thumbs\/thumbs-20230130_092527-removebg-preview.png\"\n\t\t\t\tdata-image-id=\"18\"\n\t\t\t\tdata-title=\"P\u00e9s de Galinha - S\u00e9rie Avi\u00e1rio Acr\u00edlica sobre tela, 2023 50 x 30 cm\"\n\t\t\t\tdata-description=\"P\u00e9s de Galinha - S\u00e9rie Avi\u00e1rio Acr\u00edlica sobre tela, 2023 50 x 30 cm\"\n\t\t\t\tdata-image-slug=\"20230130_092527-removebg-preview\"\n\t\t\t\tclass=\"ngg-simplelightbox\" rel=\"15558241f66f4970c0d445c16dd45c19\">\n\t\t\t\t<img\n\t\t\t\t\ttitle=\"P\u00e9s de Galinha - S\u00e9rie Avi\u00e1rio Acr\u00edlica sobre tela, 2023 50 x 30 cm\"\n\t\t\t\t\talt=\"P\u00e9s de Galinha - S\u00e9rie Avi\u00e1rio Acr\u00edlica sobre tela, 2023 50 x 30 cm\"\n\t\t\t\t\tsrc=\"https:\/\/maiamariana.com.br\/wp-content\/gallery\/ase\/thumbs\/thumbs-20230130_092527-removebg-preview.png\"\n\t\t\t\t\twidth=\"240\"\n\t\t\t\t\theight=\"160\"\n\t\t\t\t\tstyle=\"max-width:100%;\"\n\t\t\t\t\/>\n\t\t\t<\/a>\n\t\t<\/div>\n\t\t\t\t\t\t\t<\/div> \n\t\t\t\n\t\t\t\t<div id=\"ngg-image-4\" class=\"ngg-gallery-thumbnail-box \n\t\t\t\t\t\t\t\t\t\t\t\" \n\t\t\t>\n\t\t\t\t\t\t<div class=\"ngg-gallery-thumbnail\">\n\t\t\t<a href=\"https:\/\/maiamariana.com.br\/wp-content\/gallery\/ase\/20230119_144155-removebg-preview.png\"\n\t\t\t\ttitle=\"Konk\u00e9n - S\u00e9rie Avi\u00e1rio Acr\u00edlica sobre tela, 2023. 30 x 30 cm.\"\n\t\t\t\tdata-src=\"https:\/\/maiamariana.com.br\/wp-content\/gallery\/ase\/20230119_144155-removebg-preview.png\"\n\t\t\t\tdata-thumbnail=\"https:\/\/maiamariana.com.br\/wp-content\/gallery\/ase\/thumbs\/thumbs-20230119_144155-removebg-preview.png\"\n\t\t\t\tdata-image-id=\"19\"\n\t\t\t\tdata-title=\"Konk\u00e9n - S\u00e9rie Avi\u00e1rio Acr\u00edlica sobre tela, 2023. 30 x 30 cm.\"\n\t\t\t\tdata-description=\"Konk\u00e9n - S\u00e9rie Avi\u00e1rio Acr\u00edlica sobre tela, 2023. 30 x 30 cm.\"\n\t\t\t\tdata-image-slug=\"20230119_144155-removebg-preview\"\n\t\t\t\tclass=\"ngg-simplelightbox\" rel=\"15558241f66f4970c0d445c16dd45c19\">\n\t\t\t\t<img\n\t\t\t\t\ttitle=\"Konk\u00e9n - S\u00e9rie Avi\u00e1rio Acr\u00edlica sobre tela, 2023. 30 x 30 cm.\"\n\t\t\t\t\talt=\"Konk\u00e9n - S\u00e9rie Avi\u00e1rio Acr\u00edlica sobre tela, 2023. 30 x 30 cm.\"\n\t\t\t\t\tsrc=\"https:\/\/maiamariana.com.br\/wp-content\/gallery\/ase\/thumbs\/thumbs-20230119_144155-removebg-preview.png\"\n\t\t\t\t\twidth=\"240\"\n\t\t\t\t\theight=\"160\"\n\t\t\t\t\tstyle=\"max-width:100%;\"\n\t\t\t\t\/>\n\t\t\t<\/a>\n\t\t<\/div>\n\t\t\t\t\t\t\t<\/div> \n\t\t\t\n\t\t\t\t<div id=\"ngg-image-5\" class=\"ngg-gallery-thumbnail-box \n\t\t\t\t\t\t\t\t\t\t\t\" \n\t\t\t>\n\t\t\t\t\t\t<div class=\"ngg-gallery-thumbnail\">\n\t\t\t<a href=\"https:\/\/maiamariana.com.br\/wp-content\/gallery\/ase\/20230119_104748-removebg-preview.png\"\n\t\t\t\ttitle=\"Juriti - S\u00e9rie Avi\u00e1rio\nAcr\u00edlica sobre tela, 2023\n10 x 10 cm\"\n\t\t\t\tdata-src=\"https:\/\/maiamariana.com.br\/wp-content\/gallery\/ase\/20230119_104748-removebg-preview.png\"\n\t\t\t\tdata-thumbnail=\"https:\/\/maiamariana.com.br\/wp-content\/gallery\/ase\/thumbs\/thumbs-20230119_104748-removebg-preview.png\"\n\t\t\t\tdata-image-id=\"35\"\n\t\t\t\tdata-title=\"Juriti \"\n\t\t\t\tdata-description=\"Juriti - S\u00e9rie Avi\u00e1rio\nAcr\u00edlica sobre tela, 2023\n10 x 10 cm\"\n\t\t\t\tdata-image-slug=\"20230119_104748-removebg-preview\"\n\t\t\t\tclass=\"ngg-simplelightbox\" rel=\"15558241f66f4970c0d445c16dd45c19\">\n\t\t\t\t<img\n\t\t\t\t\ttitle=\"Juriti \"\n\t\t\t\t\talt=\"Juriti \"\n\t\t\t\t\tsrc=\"https:\/\/maiamariana.com.br\/wp-content\/gallery\/ase\/thumbs\/thumbs-20230119_104748-removebg-preview.png\"\n\t\t\t\t\twidth=\"240\"\n\t\t\t\t\theight=\"160\"\n\t\t\t\t\tstyle=\"max-width:100%;\"\n\t\t\t\t\/>\n\t\t\t<\/a>\n\t\t<\/div>\n\t\t\t\t\t\t\t<\/div> \n\t\t\t\n\t\t\t\t<div id=\"ngg-image-6\" class=\"ngg-gallery-thumbnail-box \n\t\t\t\t\t\t\t\t\t\t\t\" \n\t\t\t>\n\t\t\t\t\t\t<div class=\"ngg-gallery-thumbnail\">\n\t\t\t<a href=\"https:\/\/maiamariana.com.br\/wp-content\/gallery\/ase\/20240716_185113.jpg\"\n\t\t\t\ttitle=\"Amor\nAcr\u00edlica sobre tela, 2024\n100 x 70 cm\"\n\t\t\t\tdata-src=\"https:\/\/maiamariana.com.br\/wp-content\/gallery\/ase\/20240716_185113.jpg\"\n\t\t\t\tdata-thumbnail=\"https:\/\/maiamariana.com.br\/wp-content\/gallery\/ase\/thumbs\/thumbs_20240716_185113.jpg\"\n\t\t\t\tdata-image-id=\"101\"\n\t\t\t\tdata-title=\"Amor\"\n\t\t\t\tdata-description=\"Amor\nAcr\u00edlica sobre tela, 2024\n100 x 70 cm\"\n\t\t\t\tdata-image-slug=\"20240716_185113\"\n\t\t\t\tclass=\"ngg-simplelightbox\" rel=\"15558241f66f4970c0d445c16dd45c19\">\n\t\t\t\t<img\n\t\t\t\t\ttitle=\"Amor\"\n\t\t\t\t\talt=\"Amor\"\n\t\t\t\t\tsrc=\"https:\/\/maiamariana.com.br\/wp-content\/gallery\/ase\/thumbs\/thumbs_20240716_185113.jpg\"\n\t\t\t\t\twidth=\"240\"\n\t\t\t\t\theight=\"160\"\n\t\t\t\t\tstyle=\"max-width:100%;\"\n\t\t\t\t\/>\n\t\t\t<\/a>\n\t\t<\/div>\n\t\t\t\t\t\t\t<\/div> \n\t\t\t\n\t\t\t\t<div id=\"ngg-image-7\" class=\"ngg-gallery-thumbnail-box \n\t\t\t\t\t\t\t\t\t\t\t\" \n\t\t\t>\n\t\t\t\t\t\t<div class=\"ngg-gallery-thumbnail\">\n\t\t\t<a href=\"https:\/\/maiamariana.com.br\/wp-content\/gallery\/ase\/Screenshot_20240216_174220_Instagram.jpg\"\n\t\t\t\ttitle=\"Sem folha n\u00e3o tem vida\nAcr\u00edlica sobre papel em bacia de alum\u00ednio, 2023.\n40 cm de di\u00e2metro.\"\n\t\t\t\tdata-src=\"https:\/\/maiamariana.com.br\/wp-content\/gallery\/ase\/Screenshot_20240216_174220_Instagram.jpg\"\n\t\t\t\tdata-thumbnail=\"https:\/\/maiamariana.com.br\/wp-content\/gallery\/ase\/thumbs\/thumbs_Screenshot_20240216_174220_Instagram.jpg\"\n\t\t\t\tdata-image-id=\"102\"\n\t\t\t\tdata-title=\"Sem folha n\u00e3o tem vida\"\n\t\t\t\tdata-description=\"Sem folha n\u00e3o tem vida\nAcr\u00edlica sobre papel em bacia de alum\u00ednio, 2023.\n40 cm de di\u00e2metro.\"\n\t\t\t\tdata-image-slug=\"screenshot_20240216_174220_instagram-1\"\n\t\t\t\tclass=\"ngg-simplelightbox\" rel=\"15558241f66f4970c0d445c16dd45c19\">\n\t\t\t\t<img\n\t\t\t\t\ttitle=\"Sem folha n\u00e3o tem vida\"\n\t\t\t\t\talt=\"Sem folha n\u00e3o tem vida\"\n\t\t\t\t\tsrc=\"https:\/\/maiamariana.com.br\/wp-content\/gallery\/ase\/thumbs\/thumbs_Screenshot_20240216_174220_Instagram.jpg\"\n\t\t\t\t\twidth=\"240\"\n\t\t\t\t\theight=\"160\"\n\t\t\t\t\tstyle=\"max-width:100%;\"\n\t\t\t\t\/>\n\t\t\t<\/a>\n\t\t<\/div>\n\t\t\t\t\t\t\t<\/div> \n\t\t\t\n\t\t\t\t<div id=\"ngg-image-8\" class=\"ngg-gallery-thumbnail-box \n\t\t\t\t\t\t\t\t\t\t\t\" \n\t\t\t>\n\t\t\t\t\t\t<div class=\"ngg-gallery-thumbnail\">\n\t\t\t<a href=\"https:\/\/maiamariana.com.br\/wp-content\/gallery\/ase\/20240531_170301.jpg\"\n\t\t\t\ttitle=\"Segredo n\u00ba 2\nAcr\u00edlica sobre papel em bacia de alum\u00ednio, 2024.\n40 cm de di\u00e2metro.\"\n\t\t\t\tdata-src=\"https:\/\/maiamariana.com.br\/wp-content\/gallery\/ase\/20240531_170301.jpg\"\n\t\t\t\tdata-thumbnail=\"https:\/\/maiamariana.com.br\/wp-content\/gallery\/ase\/thumbs\/thumbs_20240531_170301.jpg\"\n\t\t\t\tdata-image-id=\"103\"\n\t\t\t\tdata-title=\"Segredo n\u00ba 2\"\n\t\t\t\tdata-description=\"Segredo n\u00ba 2\nAcr\u00edlica sobre papel em bacia de alum\u00ednio, 2024.\n40 cm de di\u00e2metro.\"\n\t\t\t\tdata-image-slug=\"20240531_170301\"\n\t\t\t\tclass=\"ngg-simplelightbox\" rel=\"15558241f66f4970c0d445c16dd45c19\">\n\t\t\t\t<img\n\t\t\t\t\ttitle=\"Segredo n\u00ba 2\"\n\t\t\t\t\talt=\"Segredo n\u00ba 2\"\n\t\t\t\t\tsrc=\"https:\/\/maiamariana.com.br\/wp-content\/gallery\/ase\/thumbs\/thumbs_20240531_170301.jpg\"\n\t\t\t\t\twidth=\"240\"\n\t\t\t\t\theight=\"160\"\n\t\t\t\t\tstyle=\"max-width:100%;\"\n\t\t\t\t\/>\n\t\t\t<\/a>\n\t\t<\/div>\n\t\t\t\t\t\t\t<\/div> \n\t\t\t\n\t\t\t\t<div id=\"ngg-image-9\" class=\"ngg-gallery-thumbnail-box \n\t\t\t\t\t\t\t\t\t\t\t\" \n\t\t\t>\n\t\t\t\t\t\t<div class=\"ngg-gallery-thumbnail\">\n\t\t\t<a href=\"https:\/\/maiamariana.com.br\/wp-content\/gallery\/ase\/20240501_173345.jpg\"\n\t\t\t\ttitle=\"Onira\nAcr\u00edlica sobre tela, 2024\n120 x 100 cm\"\n\t\t\t\tdata-src=\"https:\/\/maiamariana.com.br\/wp-content\/gallery\/ase\/20240501_173345.jpg\"\n\t\t\t\tdata-thumbnail=\"https:\/\/maiamariana.com.br\/wp-content\/gallery\/ase\/thumbs\/thumbs_20240501_173345.jpg\"\n\t\t\t\tdata-image-id=\"104\"\n\t\t\t\tdata-title=\"Onira\"\n\t\t\t\tdata-description=\"Onira\nAcr\u00edlica sobre tela, 2024\n120 x 100 cm\"\n\t\t\t\tdata-image-slug=\"20240501_173345\"\n\t\t\t\tclass=\"ngg-simplelightbox\" rel=\"15558241f66f4970c0d445c16dd45c19\">\n\t\t\t\t<img\n\t\t\t\t\ttitle=\"Onira\"\n\t\t\t\t\talt=\"Onira\"\n\t\t\t\t\tsrc=\"https:\/\/maiamariana.com.br\/wp-content\/gallery\/ase\/thumbs\/thumbs_20240501_173345.jpg\"\n\t\t\t\t\twidth=\"240\"\n\t\t\t\t\theight=\"160\"\n\t\t\t\t\tstyle=\"max-width:100%;\"\n\t\t\t\t\/>\n\t\t\t<\/a>\n\t\t<\/div>\n\t\t\t\t\t\t\t<\/div> \n\t\t\t\n\t\n\t<br style=\"clear: both\" \/>\n\n\t\n\t\t<!-- Pagination -->\n\t\t<div class='ngg-clear'><\/div>\t<\/div>\n\n\n\n\n<p>Pesquisa desenvolvida no As\u00e9 Paci\u00eancia, onde sou Ekedji de Oy\u00e1, sobre animais, objetos e corpos relacionados a est\u00e9tica de terreiro.<\/p>\n","protected":false},"excerpt":{"rendered":"<p>S\u00e9rie de Pinturas Acr\u00edlicas. Pesquisa desenvolvida no As\u00e9 Paci\u00eancia, onde sou Ekedji de Oy\u00e1, sobre animais, objetos e corpos relacionados a est\u00e9tica de terreiro.<\/p>\n","protected":false},"author":1,"featured_media":104,"parent":0,"menu_order":0,"comment_status":"closed","ping_status":"closed","template":"","meta":{"ngg_post_thumbnail":0,"footnotes":""},"class_list":["post-90","page","type-page","status-publish","has-post-thumbnail","hentry","entry"],"_links":{"self":[{"href":"https:\/\/maiamariana.com.br\/index.php?rest_route=\/wp\/v2\/pages\/90","targetHints":{"allow":["GET"]}}],"collection":[{"href":"https:\/\/maiamariana.com.br\/index.php?rest_route=\/wp\/v2\/pages"}],"about":[{"href":"https:\/\/maiamariana.com.br\/index.php?rest_route=\/wp\/v2\/types\/page"}],"author":[{"embeddable":true,"href":"https:\/\/maiamariana.com.br\/index.php?rest_route=\/wp\/v2\/users\/1"}],"replies":[{"embeddable":true,"href":"https:\/\/maiamariana.com.br\/index.php?rest_route=%2Fwp%2Fv2%2Fcomments&post=90"}],"version-history":[{"count":8,"href":"https:\/\/maiamariana.com.br\/index.php?rest_route=\/wp\/v2\/pages\/90\/revisions"}],"predecessor-version":[{"id":152,"href":"https:\/\/maiamariana.com.br\/index.php?rest_route=\/wp\/v2\/pages\/90\/revisions\/152"}],"wp:featuredmedia":[{"embeddable":true,"href":"https:\/\/maiamariana.com.br\/index.php?rest_route=\/wp\/v2\/media\/104"}],"wp:attachment":[{"href":"https:\/\/maiamariana.com.br\/index.php?rest_route=%2Fwp%2Fv2%2Fmedia&parent=90"}],"curies":[{"name":"wp","href":"https:\/\/api.w.org\/{rel}","templated":true}]}}