{"id":296,"date":"2025-02-01T18:28:17","date_gmt":"2025-02-01T21:28:17","guid":{"rendered":"https:\/\/maiamariana.com.br\/?page_id=296"},"modified":"2025-02-01T18:30:11","modified_gmt":"2025-02-01T21:30:11","slug":"mural-olubaje","status":"publish","type":"page","link":"https:\/\/maiamariana.com.br\/?page_id=296","title":{"rendered":"Mural Olubaj\u00e9"},"content":{"rendered":"\n<figure class=\"wp-block-image size-large\"><img loading=\"lazy\" decoding=\"async\" width=\"1024\" height=\"576\" src=\"https:\/\/maiamariana.com.br\/wp-content\/uploads\/2025\/02\/IMG-20240914-WA02011-1024x576.jpg\" alt=\"\" class=\"wp-image-297\" srcset=\"https:\/\/maiamariana.com.br\/wp-content\/uploads\/2025\/02\/IMG-20240914-WA02011-1024x576.jpg 1024w, https:\/\/maiamariana.com.br\/wp-content\/uploads\/2025\/02\/IMG-20240914-WA02011-300x169.jpg 300w, https:\/\/maiamariana.com.br\/wp-content\/uploads\/2025\/02\/IMG-20240914-WA02011-768x432.jpg 768w, https:\/\/maiamariana.com.br\/wp-content\/uploads\/2025\/02\/IMG-20240914-WA02011-1536x864.jpg 1536w, https:\/\/maiamariana.com.br\/wp-content\/uploads\/2025\/02\/IMG-20240914-WA02011-2048x1152.jpg 2048w, https:\/\/maiamariana.com.br\/wp-content\/uploads\/2025\/02\/IMG-20240914-WA02011-1568x882.jpg 1568w\" sizes=\"auto, (max-width: 1024px) 100vw, 1024px\" \/><\/figure>\n\n\n\n<p>Pintura acr\u00edlica mural realizada no Museu da Rep\u00fablica. 700 x 300 cm. 2024.<\/p>\n\n\n\n<!-- default-view.php -->\n<div\n\tclass=\"ngg-galleryoverview default-view \n\t\t\"\n\tid=\"ngg-gallery-a66351f897991567195b86f9ad004fe0-1\">\n\n\t\t<!-- Thumbnails -->\n\t\t\t\t<div id=\"ngg-image-0\" class=\"ngg-gallery-thumbnail-box \n\t\t\t\t\t\t\t\t\t\t\t\" \n\t\t\t>\n\t\t\t\t\t\t<div class=\"ngg-gallery-thumbnail\">\n\t\t\t<a href=\"https:\/\/maiamariana.com.br\/wp-content\/gallery\/olubaje\/IMG-20240914-WA0143.jpg\"\n\t\t\t\ttitle=\"\"\n\t\t\t\tdata-src=\"https:\/\/maiamariana.com.br\/wp-content\/gallery\/olubaje\/IMG-20240914-WA0143.jpg\"\n\t\t\t\tdata-thumbnail=\"https:\/\/maiamariana.com.br\/wp-content\/gallery\/olubaje\/thumbs\/thumbs_IMG-20240914-WA0143.jpg\"\n\t\t\t\tdata-image-id=\"119\"\n\t\t\t\tdata-title=\"IMG-20240914-WA0143\"\n\t\t\t\tdata-description=\"\"\n\t\t\t\tdata-image-slug=\"img-20240914-wa0143\"\n\t\t\t\tclass=\"ngg-simplelightbox\" rel=\"a66351f897991567195b86f9ad004fe0\">\n\t\t\t\t<img\n\t\t\t\t\ttitle=\"IMG-20240914-WA0143\"\n\t\t\t\t\talt=\"IMG-20240914-WA0143\"\n\t\t\t\t\tsrc=\"https:\/\/maiamariana.com.br\/wp-content\/gallery\/olubaje\/thumbs\/thumbs_IMG-20240914-WA0143.jpg\"\n\t\t\t\t\twidth=\"240\"\n\t\t\t\t\theight=\"160\"\n\t\t\t\t\tstyle=\"max-width:100%;\"\n\t\t\t\t\/>\n\t\t\t<\/a>\n\t\t<\/div>\n\t\t\t\t\t\t\t<\/div> \n\t\t\t\n\t\t\t\t<div id=\"ngg-image-1\" class=\"ngg-gallery-thumbnail-box \n\t\t\t\t\t\t\t\t\t\t\t\" \n\t\t\t>\n\t\t\t\t\t\t<div class=\"ngg-gallery-thumbnail\">\n\t\t\t<a href=\"https:\/\/maiamariana.com.br\/wp-content\/gallery\/olubaje\/IMG-20240914-WA0151.jpg\"\n\t\t\t\ttitle=\"\"\n\t\t\t\tdata-src=\"https:\/\/maiamariana.com.br\/wp-content\/gallery\/olubaje\/IMG-20240914-WA0151.jpg\"\n\t\t\t\tdata-thumbnail=\"https:\/\/maiamariana.com.br\/wp-content\/gallery\/olubaje\/thumbs\/thumbs_IMG-20240914-WA0151.jpg\"\n\t\t\t\tdata-image-id=\"120\"\n\t\t\t\tdata-title=\"IMG-20240914-WA0151\"\n\t\t\t\tdata-description=\"\"\n\t\t\t\tdata-image-slug=\"img-20240914-wa0151\"\n\t\t\t\tclass=\"ngg-simplelightbox\" rel=\"a66351f897991567195b86f9ad004fe0\">\n\t\t\t\t<img\n\t\t\t\t\ttitle=\"IMG-20240914-WA0151\"\n\t\t\t\t\talt=\"IMG-20240914-WA0151\"\n\t\t\t\t\tsrc=\"https:\/\/maiamariana.com.br\/wp-content\/gallery\/olubaje\/thumbs\/thumbs_IMG-20240914-WA0151.jpg\"\n\t\t\t\t\twidth=\"240\"\n\t\t\t\t\theight=\"160\"\n\t\t\t\t\tstyle=\"max-width:100%;\"\n\t\t\t\t\/>\n\t\t\t<\/a>\n\t\t<\/div>\n\t\t\t\t\t\t\t<\/div> \n\t\t\t\n\t\t\t\t<div id=\"ngg-image-2\" class=\"ngg-gallery-thumbnail-box \n\t\t\t\t\t\t\t\t\t\t\t\" \n\t\t\t>\n\t\t\t\t\t\t<div class=\"ngg-gallery-thumbnail\">\n\t\t\t<a href=\"https:\/\/maiamariana.com.br\/wp-content\/gallery\/olubaje\/IMG-20240914-WA0161.jpg\"\n\t\t\t\ttitle=\"\"\n\t\t\t\tdata-src=\"https:\/\/maiamariana.com.br\/wp-content\/gallery\/olubaje\/IMG-20240914-WA0161.jpg\"\n\t\t\t\tdata-thumbnail=\"https:\/\/maiamariana.com.br\/wp-content\/gallery\/olubaje\/thumbs\/thumbs_IMG-20240914-WA0161.jpg\"\n\t\t\t\tdata-image-id=\"121\"\n\t\t\t\tdata-title=\"IMG-20240914-WA0161\"\n\t\t\t\tdata-description=\"\"\n\t\t\t\tdata-image-slug=\"img-20240914-wa0161\"\n\t\t\t\tclass=\"ngg-simplelightbox\" rel=\"a66351f897991567195b86f9ad004fe0\">\n\t\t\t\t<img\n\t\t\t\t\ttitle=\"IMG-20240914-WA0161\"\n\t\t\t\t\talt=\"IMG-20240914-WA0161\"\n\t\t\t\t\tsrc=\"https:\/\/maiamariana.com.br\/wp-content\/gallery\/olubaje\/thumbs\/thumbs_IMG-20240914-WA0161.jpg\"\n\t\t\t\t\twidth=\"240\"\n\t\t\t\t\theight=\"160\"\n\t\t\t\t\tstyle=\"max-width:100%;\"\n\t\t\t\t\/>\n\t\t\t<\/a>\n\t\t<\/div>\n\t\t\t\t\t\t\t<\/div> \n\t\t\t\n\t\t\t\t<div id=\"ngg-image-3\" class=\"ngg-gallery-thumbnail-box \n\t\t\t\t\t\t\t\t\t\t\t\" \n\t\t\t>\n\t\t\t\t\t\t<div class=\"ngg-gallery-thumbnail\">\n\t\t\t<a href=\"https:\/\/maiamariana.com.br\/wp-content\/gallery\/olubaje\/IMG-20240914-WA0141.jpg\"\n\t\t\t\ttitle=\"\"\n\t\t\t\tdata-src=\"https:\/\/maiamariana.com.br\/wp-content\/gallery\/olubaje\/IMG-20240914-WA0141.jpg\"\n\t\t\t\tdata-thumbnail=\"https:\/\/maiamariana.com.br\/wp-content\/gallery\/olubaje\/thumbs\/thumbs_IMG-20240914-WA0141.jpg\"\n\t\t\t\tdata-image-id=\"122\"\n\t\t\t\tdata-title=\"IMG-20240914-WA0141\"\n\t\t\t\tdata-description=\"\"\n\t\t\t\tdata-image-slug=\"img-20240914-wa0141\"\n\t\t\t\tclass=\"ngg-simplelightbox\" rel=\"a66351f897991567195b86f9ad004fe0\">\n\t\t\t\t<img\n\t\t\t\t\ttitle=\"IMG-20240914-WA0141\"\n\t\t\t\t\talt=\"IMG-20240914-WA0141\"\n\t\t\t\t\tsrc=\"https:\/\/maiamariana.com.br\/wp-content\/gallery\/olubaje\/thumbs\/thumbs_IMG-20240914-WA0141.jpg\"\n\t\t\t\t\twidth=\"240\"\n\t\t\t\t\theight=\"160\"\n\t\t\t\t\tstyle=\"max-width:100%;\"\n\t\t\t\t\/>\n\t\t\t<\/a>\n\t\t<\/div>\n\t\t\t\t\t\t\t<\/div> \n\t\t\t\n\t\t\t\t<div id=\"ngg-image-4\" class=\"ngg-gallery-thumbnail-box \n\t\t\t\t\t\t\t\t\t\t\t\" \n\t\t\t>\n\t\t\t\t\t\t<div class=\"ngg-gallery-thumbnail\">\n\t\t\t<a href=\"https:\/\/maiamariana.com.br\/wp-content\/gallery\/olubaje\/IMG-20240914-WA0130.jpg\"\n\t\t\t\ttitle=\"\"\n\t\t\t\tdata-src=\"https:\/\/maiamariana.com.br\/wp-content\/gallery\/olubaje\/IMG-20240914-WA0130.jpg\"\n\t\t\t\tdata-thumbnail=\"https:\/\/maiamariana.com.br\/wp-content\/gallery\/olubaje\/thumbs\/thumbs_IMG-20240914-WA0130.jpg\"\n\t\t\t\tdata-image-id=\"123\"\n\t\t\t\tdata-title=\"IMG-20240914-WA0130\"\n\t\t\t\tdata-description=\"\"\n\t\t\t\tdata-image-slug=\"img-20240914-wa0130\"\n\t\t\t\tclass=\"ngg-simplelightbox\" rel=\"a66351f897991567195b86f9ad004fe0\">\n\t\t\t\t<img\n\t\t\t\t\ttitle=\"IMG-20240914-WA0130\"\n\t\t\t\t\talt=\"IMG-20240914-WA0130\"\n\t\t\t\t\tsrc=\"https:\/\/maiamariana.com.br\/wp-content\/gallery\/olubaje\/thumbs\/thumbs_IMG-20240914-WA0130.jpg\"\n\t\t\t\t\twidth=\"240\"\n\t\t\t\t\theight=\"160\"\n\t\t\t\t\tstyle=\"max-width:100%;\"\n\t\t\t\t\/>\n\t\t\t<\/a>\n\t\t<\/div>\n\t\t\t\t\t\t\t<\/div> \n\t\t\t\n\t\t\t\t<div id=\"ngg-image-5\" class=\"ngg-gallery-thumbnail-box \n\t\t\t\t\t\t\t\t\t\t\t\" \n\t\t\t>\n\t\t\t\t\t\t<div class=\"ngg-gallery-thumbnail\">\n\t\t\t<a href=\"https:\/\/maiamariana.com.br\/wp-content\/gallery\/olubaje\/IMG-20240914-WA01152.jpg\"\n\t\t\t\ttitle=\"\"\n\t\t\t\tdata-src=\"https:\/\/maiamariana.com.br\/wp-content\/gallery\/olubaje\/IMG-20240914-WA01152.jpg\"\n\t\t\t\tdata-thumbnail=\"https:\/\/maiamariana.com.br\/wp-content\/gallery\/olubaje\/thumbs\/thumbs_IMG-20240914-WA01152.jpg\"\n\t\t\t\tdata-image-id=\"124\"\n\t\t\t\tdata-title=\"IMG-20240914-WA01152\"\n\t\t\t\tdata-description=\"\"\n\t\t\t\tdata-image-slug=\"img-20240914-wa01152\"\n\t\t\t\tclass=\"ngg-simplelightbox\" rel=\"a66351f897991567195b86f9ad004fe0\">\n\t\t\t\t<img\n\t\t\t\t\ttitle=\"IMG-20240914-WA01152\"\n\t\t\t\t\talt=\"IMG-20240914-WA01152\"\n\t\t\t\t\tsrc=\"https:\/\/maiamariana.com.br\/wp-content\/gallery\/olubaje\/thumbs\/thumbs_IMG-20240914-WA01152.jpg\"\n\t\t\t\t\twidth=\"240\"\n\t\t\t\t\theight=\"160\"\n\t\t\t\t\tstyle=\"max-width:100%;\"\n\t\t\t\t\/>\n\t\t\t<\/a>\n\t\t<\/div>\n\t\t\t\t\t\t\t<\/div> \n\t\t\t\n\t\t\t\t<div id=\"ngg-image-6\" class=\"ngg-gallery-thumbnail-box \n\t\t\t\t\t\t\t\t\t\t\t\" \n\t\t\t>\n\t\t\t\t\t\t<div class=\"ngg-gallery-thumbnail\">\n\t\t\t<a href=\"https:\/\/maiamariana.com.br\/wp-content\/gallery\/olubaje\/IMG-20240914-WA02051.jpg\"\n\t\t\t\ttitle=\"\"\n\t\t\t\tdata-src=\"https:\/\/maiamariana.com.br\/wp-content\/gallery\/olubaje\/IMG-20240914-WA02051.jpg\"\n\t\t\t\tdata-thumbnail=\"https:\/\/maiamariana.com.br\/wp-content\/gallery\/olubaje\/thumbs\/thumbs_IMG-20240914-WA02051.jpg\"\n\t\t\t\tdata-image-id=\"125\"\n\t\t\t\tdata-title=\"IMG-20240914-WA02051\"\n\t\t\t\tdata-description=\"\"\n\t\t\t\tdata-image-slug=\"img-20240914-wa02051\"\n\t\t\t\tclass=\"ngg-simplelightbox\" rel=\"a66351f897991567195b86f9ad004fe0\">\n\t\t\t\t<img\n\t\t\t\t\ttitle=\"IMG-20240914-WA02051\"\n\t\t\t\t\talt=\"IMG-20240914-WA02051\"\n\t\t\t\t\tsrc=\"https:\/\/maiamariana.com.br\/wp-content\/gallery\/olubaje\/thumbs\/thumbs_IMG-20240914-WA02051.jpg\"\n\t\t\t\t\twidth=\"240\"\n\t\t\t\t\theight=\"160\"\n\t\t\t\t\tstyle=\"max-width:100%;\"\n\t\t\t\t\/>\n\t\t\t<\/a>\n\t\t<\/div>\n\t\t\t\t\t\t\t<\/div> \n\t\t\t\n\t\t\t\t<div id=\"ngg-image-7\" class=\"ngg-gallery-thumbnail-box \n\t\t\t\t\t\t\t\t\t\t\t\" \n\t\t\t>\n\t\t\t\t\t\t<div class=\"ngg-gallery-thumbnail\">\n\t\t\t<a href=\"https:\/\/maiamariana.com.br\/wp-content\/gallery\/olubaje\/IMG-20240914-WA02071.jpg\"\n\t\t\t\ttitle=\"\"\n\t\t\t\tdata-src=\"https:\/\/maiamariana.com.br\/wp-content\/gallery\/olubaje\/IMG-20240914-WA02071.jpg\"\n\t\t\t\tdata-thumbnail=\"https:\/\/maiamariana.com.br\/wp-content\/gallery\/olubaje\/thumbs\/thumbs_IMG-20240914-WA02071.jpg\"\n\t\t\t\tdata-image-id=\"126\"\n\t\t\t\tdata-title=\"IMG-20240914-WA02071\"\n\t\t\t\tdata-description=\"\"\n\t\t\t\tdata-image-slug=\"img-20240914-wa02071\"\n\t\t\t\tclass=\"ngg-simplelightbox\" rel=\"a66351f897991567195b86f9ad004fe0\">\n\t\t\t\t<img\n\t\t\t\t\ttitle=\"IMG-20240914-WA02071\"\n\t\t\t\t\talt=\"IMG-20240914-WA02071\"\n\t\t\t\t\tsrc=\"https:\/\/maiamariana.com.br\/wp-content\/gallery\/olubaje\/thumbs\/thumbs_IMG-20240914-WA02071.jpg\"\n\t\t\t\t\twidth=\"240\"\n\t\t\t\t\theight=\"160\"\n\t\t\t\t\tstyle=\"max-width:100%;\"\n\t\t\t\t\/>\n\t\t\t<\/a>\n\t\t<\/div>\n\t\t\t\t\t\t\t<\/div> \n\t\t\t\n\t\t\t\t<div id=\"ngg-image-8\" class=\"ngg-gallery-thumbnail-box \n\t\t\t\t\t\t\t\t\t\t\t\" \n\t\t\t>\n\t\t\t\t\t\t<div class=\"ngg-gallery-thumbnail\">\n\t\t\t<a href=\"https:\/\/maiamariana.com.br\/wp-content\/gallery\/olubaje\/IMG-20240914-WA02111.jpg\"\n\t\t\t\ttitle=\"\"\n\t\t\t\tdata-src=\"https:\/\/maiamariana.com.br\/wp-content\/gallery\/olubaje\/IMG-20240914-WA02111.jpg\"\n\t\t\t\tdata-thumbnail=\"https:\/\/maiamariana.com.br\/wp-content\/gallery\/olubaje\/thumbs\/thumbs_IMG-20240914-WA02111.jpg\"\n\t\t\t\tdata-image-id=\"127\"\n\t\t\t\tdata-title=\"IMG-20240914-WA02111\"\n\t\t\t\tdata-description=\"\"\n\t\t\t\tdata-image-slug=\"img-20240914-wa02111\"\n\t\t\t\tclass=\"ngg-simplelightbox\" rel=\"a66351f897991567195b86f9ad004fe0\">\n\t\t\t\t<img\n\t\t\t\t\ttitle=\"IMG-20240914-WA02111\"\n\t\t\t\t\talt=\"IMG-20240914-WA02111\"\n\t\t\t\t\tsrc=\"https:\/\/maiamariana.com.br\/wp-content\/gallery\/olubaje\/thumbs\/thumbs_IMG-20240914-WA02111.jpg\"\n\t\t\t\t\twidth=\"240\"\n\t\t\t\t\theight=\"160\"\n\t\t\t\t\tstyle=\"max-width:100%;\"\n\t\t\t\t\/>\n\t\t\t<\/a>\n\t\t<\/div>\n\t\t\t\t\t\t\t<\/div> \n\t\t\t\n\t\t\t\t<div id=\"ngg-image-9\" class=\"ngg-gallery-thumbnail-box \n\t\t\t\t\t\t\t\t\t\t\t\" \n\t\t\t>\n\t\t\t\t\t\t<div class=\"ngg-gallery-thumbnail\">\n\t\t\t<a href=\"https:\/\/maiamariana.com.br\/wp-content\/gallery\/olubaje\/IMG-20240914-WA02091.jpg\"\n\t\t\t\ttitle=\"\"\n\t\t\t\tdata-src=\"https:\/\/maiamariana.com.br\/wp-content\/gallery\/olubaje\/IMG-20240914-WA02091.jpg\"\n\t\t\t\tdata-thumbnail=\"https:\/\/maiamariana.com.br\/wp-content\/gallery\/olubaje\/thumbs\/thumbs_IMG-20240914-WA02091.jpg\"\n\t\t\t\tdata-image-id=\"128\"\n\t\t\t\tdata-title=\"IMG-20240914-WA02091\"\n\t\t\t\tdata-description=\"\"\n\t\t\t\tdata-image-slug=\"img-20240914-wa02091\"\n\t\t\t\tclass=\"ngg-simplelightbox\" rel=\"a66351f897991567195b86f9ad004fe0\">\n\t\t\t\t<img\n\t\t\t\t\ttitle=\"IMG-20240914-WA02091\"\n\t\t\t\t\talt=\"IMG-20240914-WA02091\"\n\t\t\t\t\tsrc=\"https:\/\/maiamariana.com.br\/wp-content\/gallery\/olubaje\/thumbs\/thumbs_IMG-20240914-WA02091.jpg\"\n\t\t\t\t\twidth=\"240\"\n\t\t\t\t\theight=\"160\"\n\t\t\t\t\tstyle=\"max-width:100%;\"\n\t\t\t\t\/>\n\t\t\t<\/a>\n\t\t<\/div>\n\t\t\t\t\t\t\t<\/div> \n\t\t\t\n\t\t\t\t<div id=\"ngg-image-10\" class=\"ngg-gallery-thumbnail-box \n\t\t\t\t\t\t\t\t\t\t\t\" \n\t\t\t>\n\t\t\t\t\t\t<div class=\"ngg-gallery-thumbnail\">\n\t\t\t<a href=\"https:\/\/maiamariana.com.br\/wp-content\/gallery\/olubaje\/IMG-20240914-WA02131.jpg\"\n\t\t\t\ttitle=\"\"\n\t\t\t\tdata-src=\"https:\/\/maiamariana.com.br\/wp-content\/gallery\/olubaje\/IMG-20240914-WA02131.jpg\"\n\t\t\t\tdata-thumbnail=\"https:\/\/maiamariana.com.br\/wp-content\/gallery\/olubaje\/thumbs\/thumbs_IMG-20240914-WA02131.jpg\"\n\t\t\t\tdata-image-id=\"129\"\n\t\t\t\tdata-title=\"IMG-20240914-WA02131\"\n\t\t\t\tdata-description=\"\"\n\t\t\t\tdata-image-slug=\"img-20240914-wa02131\"\n\t\t\t\tclass=\"ngg-simplelightbox\" rel=\"a66351f897991567195b86f9ad004fe0\">\n\t\t\t\t<img\n\t\t\t\t\ttitle=\"IMG-20240914-WA02131\"\n\t\t\t\t\talt=\"IMG-20240914-WA02131\"\n\t\t\t\t\tsrc=\"https:\/\/maiamariana.com.br\/wp-content\/gallery\/olubaje\/thumbs\/thumbs_IMG-20240914-WA02131.jpg\"\n\t\t\t\t\twidth=\"240\"\n\t\t\t\t\theight=\"160\"\n\t\t\t\t\tstyle=\"max-width:100%;\"\n\t\t\t\t\/>\n\t\t\t<\/a>\n\t\t<\/div>\n\t\t\t\t\t\t\t<\/div> \n\t\t\t\n\t\t\t\t<div id=\"ngg-image-11\" class=\"ngg-gallery-thumbnail-box \n\t\t\t\t\t\t\t\t\t\t\t\" \n\t\t\t>\n\t\t\t\t\t\t<div class=\"ngg-gallery-thumbnail\">\n\t\t\t<a href=\"https:\/\/maiamariana.com.br\/wp-content\/gallery\/olubaje\/IMG-20240914-WA02151.jpg\"\n\t\t\t\ttitle=\"\"\n\t\t\t\tdata-src=\"https:\/\/maiamariana.com.br\/wp-content\/gallery\/olubaje\/IMG-20240914-WA02151.jpg\"\n\t\t\t\tdata-thumbnail=\"https:\/\/maiamariana.com.br\/wp-content\/gallery\/olubaje\/thumbs\/thumbs_IMG-20240914-WA02151.jpg\"\n\t\t\t\tdata-image-id=\"130\"\n\t\t\t\tdata-title=\"IMG-20240914-WA02151\"\n\t\t\t\tdata-description=\"\"\n\t\t\t\tdata-image-slug=\"img-20240914-wa02151\"\n\t\t\t\tclass=\"ngg-simplelightbox\" rel=\"a66351f897991567195b86f9ad004fe0\">\n\t\t\t\t<img\n\t\t\t\t\ttitle=\"IMG-20240914-WA02151\"\n\t\t\t\t\talt=\"IMG-20240914-WA02151\"\n\t\t\t\t\tsrc=\"https:\/\/maiamariana.com.br\/wp-content\/gallery\/olubaje\/thumbs\/thumbs_IMG-20240914-WA02151.jpg\"\n\t\t\t\t\twidth=\"240\"\n\t\t\t\t\theight=\"160\"\n\t\t\t\t\tstyle=\"max-width:100%;\"\n\t\t\t\t\/>\n\t\t\t<\/a>\n\t\t<\/div>\n\t\t\t\t\t\t\t<\/div> \n\t\t\t\n\t\t\t\t<div id=\"ngg-image-12\" class=\"ngg-gallery-thumbnail-box \n\t\t\t\t\t\t\t\t\t\t\t\" \n\t\t\t>\n\t\t\t\t\t\t<div class=\"ngg-gallery-thumbnail\">\n\t\t\t<a href=\"https:\/\/maiamariana.com.br\/wp-content\/gallery\/olubaje\/IMG-20240914-WA02174.jpg\"\n\t\t\t\ttitle=\"\"\n\t\t\t\tdata-src=\"https:\/\/maiamariana.com.br\/wp-content\/gallery\/olubaje\/IMG-20240914-WA02174.jpg\"\n\t\t\t\tdata-thumbnail=\"https:\/\/maiamariana.com.br\/wp-content\/gallery\/olubaje\/thumbs\/thumbs_IMG-20240914-WA02174.jpg\"\n\t\t\t\tdata-image-id=\"131\"\n\t\t\t\tdata-title=\"IMG-20240914-WA02174\"\n\t\t\t\tdata-description=\"\"\n\t\t\t\tdata-image-slug=\"img-20240914-wa02174\"\n\t\t\t\tclass=\"ngg-simplelightbox\" rel=\"a66351f897991567195b86f9ad004fe0\">\n\t\t\t\t<img\n\t\t\t\t\ttitle=\"IMG-20240914-WA02174\"\n\t\t\t\t\talt=\"IMG-20240914-WA02174\"\n\t\t\t\t\tsrc=\"https:\/\/maiamariana.com.br\/wp-content\/gallery\/olubaje\/thumbs\/thumbs_IMG-20240914-WA02174.jpg\"\n\t\t\t\t\twidth=\"240\"\n\t\t\t\t\theight=\"160\"\n\t\t\t\t\tstyle=\"max-width:100%;\"\n\t\t\t\t\/>\n\t\t\t<\/a>\n\t\t<\/div>\n\t\t\t\t\t\t\t<\/div> \n\t\t\t\n\t\t\t\t<div id=\"ngg-image-13\" class=\"ngg-gallery-thumbnail-box \n\t\t\t\t\t\t\t\t\t\t\t\" \n\t\t\t>\n\t\t\t\t\t\t<div class=\"ngg-gallery-thumbnail\">\n\t\t\t<a href=\"https:\/\/maiamariana.com.br\/wp-content\/gallery\/olubaje\/IMG-20240914-WA02191.jpg\"\n\t\t\t\ttitle=\"\"\n\t\t\t\tdata-src=\"https:\/\/maiamariana.com.br\/wp-content\/gallery\/olubaje\/IMG-20240914-WA02191.jpg\"\n\t\t\t\tdata-thumbnail=\"https:\/\/maiamariana.com.br\/wp-content\/gallery\/olubaje\/thumbs\/thumbs_IMG-20240914-WA02191.jpg\"\n\t\t\t\tdata-image-id=\"132\"\n\t\t\t\tdata-title=\"IMG-20240914-WA02191\"\n\t\t\t\tdata-description=\"\"\n\t\t\t\tdata-image-slug=\"img-20240914-wa02191\"\n\t\t\t\tclass=\"ngg-simplelightbox\" rel=\"a66351f897991567195b86f9ad004fe0\">\n\t\t\t\t<img\n\t\t\t\t\ttitle=\"IMG-20240914-WA02191\"\n\t\t\t\t\talt=\"IMG-20240914-WA02191\"\n\t\t\t\t\tsrc=\"https:\/\/maiamariana.com.br\/wp-content\/gallery\/olubaje\/thumbs\/thumbs_IMG-20240914-WA02191.jpg\"\n\t\t\t\t\twidth=\"240\"\n\t\t\t\t\theight=\"160\"\n\t\t\t\t\tstyle=\"max-width:100%;\"\n\t\t\t\t\/>\n\t\t\t<\/a>\n\t\t<\/div>\n\t\t\t\t\t\t\t<\/div> \n\t\t\t\n\t\t\t\t<div id=\"ngg-image-14\" class=\"ngg-gallery-thumbnail-box \n\t\t\t\t\t\t\t\t\t\t\t\" \n\t\t\t>\n\t\t\t\t\t\t<div class=\"ngg-gallery-thumbnail\">\n\t\t\t<a href=\"https:\/\/maiamariana.com.br\/wp-content\/gallery\/olubaje\/IMG-20240914-WA02211.jpg\"\n\t\t\t\ttitle=\"\"\n\t\t\t\tdata-src=\"https:\/\/maiamariana.com.br\/wp-content\/gallery\/olubaje\/IMG-20240914-WA02211.jpg\"\n\t\t\t\tdata-thumbnail=\"https:\/\/maiamariana.com.br\/wp-content\/gallery\/olubaje\/thumbs\/thumbs_IMG-20240914-WA02211.jpg\"\n\t\t\t\tdata-image-id=\"133\"\n\t\t\t\tdata-title=\"IMG-20240914-WA02211\"\n\t\t\t\tdata-description=\"\"\n\t\t\t\tdata-image-slug=\"img-20240914-wa02211\"\n\t\t\t\tclass=\"ngg-simplelightbox\" rel=\"a66351f897991567195b86f9ad004fe0\">\n\t\t\t\t<img\n\t\t\t\t\ttitle=\"IMG-20240914-WA02211\"\n\t\t\t\t\talt=\"IMG-20240914-WA02211\"\n\t\t\t\t\tsrc=\"https:\/\/maiamariana.com.br\/wp-content\/gallery\/olubaje\/thumbs\/thumbs_IMG-20240914-WA02211.jpg\"\n\t\t\t\t\twidth=\"240\"\n\t\t\t\t\theight=\"160\"\n\t\t\t\t\tstyle=\"max-width:100%;\"\n\t\t\t\t\/>\n\t\t\t<\/a>\n\t\t<\/div>\n\t\t\t\t\t\t\t<\/div> \n\t\t\t\n\t\n\t<br style=\"clear: both\" \/>\n\n\t\n\t\t<!-- Pagination -->\n\t\t<div class='ngg-clear'><\/div>\t<\/div>\n\n\n\n\n<p>O Olubaj\u00e9 \u00e9 o banquete do rei, Omulu ou Obaluai\u00ea, orix\u00e1 do Candombl\u00e9, religi\u00e3o de matriz africana. Durante a festa s\u00e3o servidos alimentos sagrados em folhas de mamona, que simbolizam sa\u00fade, prote\u00e7\u00e3o e gratid\u00e3o. A cerim\u00f4nia do Olubaj\u00e9 \u00e9 baseada em um mito, ou it\u00e3n. O mural foi realizada a pedido do museu, junto com outro em homenagem a Oxal\u00e1, realizado pela artista Ayra Aziza. Ambos os murais far\u00e3o parte de exposi\u00e7\u00e3o a ser inaugurada sobre o Acervo do Nosso Sagrado. Desde 2021, o Museu da Rep\u00fablica, no Catete, passou a abrigar definitivamente o Acervo Nosso Sagrado, composto por 519 objetos sagrados de religi\u00f5es de matriz africana que foram apreendidas entre o fim do s\u00e9culo XIX e o in\u00edcio do s\u00e9culo XX pela pol\u00edcia fluminense.<\/p>\n","protected":false},"excerpt":{"rendered":"<p>Pintura acr\u00edlica mural realizada no Museu da Rep\u00fablica. 700 x 300 cm. 2024. O Olubaj\u00e9 \u00e9 o banquete do rei, Omulu ou Obaluai\u00ea, orix\u00e1 do Candombl\u00e9, religi\u00e3o de matriz africana. Durante a festa s\u00e3o servidos alimentos sagrados em folhas de mamona, que simbolizam sa\u00fade, prote\u00e7\u00e3o e gratid\u00e3o. A cerim\u00f4nia do Olubaj\u00e9 \u00e9 baseada em um &hellip; <\/p>\n<p class=\"link-more\"><a href=\"https:\/\/maiamariana.com.br\/?page_id=296\" class=\"more-link\">Continue reading<span class=\"screen-reader-text\"> &#8220;Mural Olubaj\u00e9&#8221;<\/span><\/a><\/p>\n","protected":false},"author":1,"featured_media":314,"parent":0,"menu_order":0,"comment_status":"closed","ping_status":"closed","template":"","meta":{"ngg_post_thumbnail":0,"footnotes":""},"class_list":["post-296","page","type-page","status-publish","has-post-thumbnail","hentry","entry"],"_links":{"self":[{"href":"https:\/\/maiamariana.com.br\/index.php?rest_route=\/wp\/v2\/pages\/296","targetHints":{"allow":["GET"]}}],"collection":[{"href":"https:\/\/maiamariana.com.br\/index.php?rest_route=\/wp\/v2\/pages"}],"about":[{"href":"https:\/\/maiamariana.com.br\/index.php?rest_route=\/wp\/v2\/types\/page"}],"author":[{"embeddable":true,"href":"https:\/\/maiamariana.com.br\/index.php?rest_route=\/wp\/v2\/users\/1"}],"replies":[{"embeddable":true,"href":"https:\/\/maiamariana.com.br\/index.php?rest_route=%2Fwp%2Fv2%2Fcomments&post=296"}],"version-history":[{"count":2,"href":"https:\/\/maiamariana.com.br\/index.php?rest_route=\/wp\/v2\/pages\/296\/revisions"}],"predecessor-version":[{"id":317,"href":"https:\/\/maiamariana.com.br\/index.php?rest_route=\/wp\/v2\/pages\/296\/revisions\/317"}],"wp:featuredmedia":[{"embeddable":true,"href":"https:\/\/maiamariana.com.br\/index.php?rest_route=\/wp\/v2\/media\/314"}],"wp:attachment":[{"href":"https:\/\/maiamariana.com.br\/index.php?rest_route=%2Fwp%2Fv2%2Fmedia&parent=296"}],"curies":[{"name":"wp","href":"https:\/\/api.w.org\/{rel}","templated":true}]}}