{"id":21,"date":"2024-04-18T16:07:26","date_gmt":"2024-04-18T19:07:26","guid":{"rendered":"https:\/\/maiamariana.com.br\/?page_id=21"},"modified":"2025-04-16T14:54:21","modified_gmt":"2025-04-16T17:54:21","slug":"artista-visual","status":"publish","type":"page","link":"https:\/\/maiamariana.com.br\/","title":{"rendered":"Mariana Maia"},"content":{"rendered":"\n<p class=\"has-text-align-left has-small-font-size\" style=\"font-style:normal;font-weight:400\"><strong>Mariana Maia (1984)<\/strong> \u00e9 artista visual e trabalha com diferentes linguagens. Sua forma\u00e7\u00e3o acad\u00eamica inclui gradua\u00e7\u00e3o em Hist\u00f3ria da Arte e mestrado em Artes pela Universidade do Estado do Rio de Janeiro (UERJ).<\/p>\n\n\n\n<p>Atualmente, atua como artista educadora, curadora e produtora cultural. Sua pesquisa art\u00edstica se concentra em quest\u00f5es da negritude, com um foco particular nas experi\u00eancias de mulheres negras. As periferias, favelas e a zona oeste da cidade do Rio de Janeiro servem como seu principal local de a\u00e7\u00e3o e fonte de inspira\u00e7\u00e3o.<\/p>\n\n\n\n<p>A artista foi indicada ao Pr\u00eamio Pipa (2024) e realizou resid\u00eancia art\u00edstica na Casa da Escada Colorida (2024), localizada na Lapa, Rio de Janeiro.<\/p>\n\n\n\n<p>Sua atua\u00e7\u00e3o no audiovisual inclui a participa\u00e7\u00e3o e roteiriza\u00e7\u00e3o dos curta-metragens: <em>Trouxa de Ouro<\/em> (2021), <em>Quatro \u00d4r\u00ed<\/em> (2021), <em>M\u00e3e do Entardecer<\/em> (2020), <em>CoroA\u00e7\u00e3o<\/em> (2019) e <em>J\u00e1 temos assento<\/em> (2018). Esses filmes foram exibidos em diversos festivais e mostras tanto no Brasil quanto no exterior.<\/p>\n\n\n\n<p class=\"has-text-align-left has-small-font-size\" style=\"font-style:normal;font-weight:400\">Como curadora, assinou as exposi\u00e7\u00f5es <em>Hist\u00f3rias e Sonhos <\/em>(2025)<em>, Natureza C\u00edclica de Dafne Nass <\/em>(2025), <em>3\u00ba Festival Margem Visual<\/em> (2024), <em>Contempor\u00e2nea Ancestral<\/em> (2023), <em>Abarcar Origens de Aparecida Silva<\/em> (2022) e <em>Conex\u00e3o MUHCAB <\/em>(2021). Al\u00e9m disso, participou de in\u00fameras exposi\u00e7\u00f5es coletivas em importantes institui\u00e7\u00f5es como o Instituto Moreira Salles (IMS), Museu da Rep\u00fablica, Casa Museu Eva Klabin, Museu de Arte do Rio (MAR), Instituto Pretos Novos, Museu Hist\u00f3rico Nacional (MHN), Museu da Hist\u00f3ria e Cultura Afro-Brasileira (MUHCAB), Caixa Cultural e unidades do SESC, al\u00e9m de sua presen\u00e7a na ArtRio. Sua trajet\u00f3ria tamb\u00e9m inclui a exposi\u00e7\u00e3o individual <em>CoroA\u00e7\u00e3o<\/em> (2019), realizada na Galeria Desvio\/RJ.<\/p>\n\n\n<div class=\"wp-block-image is-style-default\">\n<figure class=\"aligncenter size-large is-resized\"><img loading=\"lazy\" decoding=\"async\" width=\"1024\" height=\"556\" src=\"https:\/\/maiamariana.com.br\/wp-content\/uploads\/2024\/09\/IMG-20240522-WA01081-1024x556.jpg\" alt=\"\" class=\"wp-image-266\" style=\"width:527px;height:auto\" srcset=\"https:\/\/maiamariana.com.br\/wp-content\/uploads\/2024\/09\/IMG-20240522-WA01081-1024x556.jpg 1024w, https:\/\/maiamariana.com.br\/wp-content\/uploads\/2024\/09\/IMG-20240522-WA01081-300x163.jpg 300w, https:\/\/maiamariana.com.br\/wp-content\/uploads\/2024\/09\/IMG-20240522-WA01081-768x417.jpg 768w, https:\/\/maiamariana.com.br\/wp-content\/uploads\/2024\/09\/IMG-20240522-WA01081-1536x833.jpg 1536w, https:\/\/maiamariana.com.br\/wp-content\/uploads\/2024\/09\/IMG-20240522-WA01081-1568x851.jpg 1568w, https:\/\/maiamariana.com.br\/wp-content\/uploads\/2024\/09\/IMG-20240522-WA01081.jpg 1600w\" sizes=\"auto, (max-width: 1024px) 100vw, 1024px\" \/><figcaption class=\"wp-element-caption\">Foto Divulga\u00e7\u00e3o<\/figcaption><\/figure>\n<\/div>","protected":false},"excerpt":{"rendered":"<p>Mariana Maia (1984) \u00e9 artista visual e trabalha com diferentes linguagens. Sua forma\u00e7\u00e3o acad\u00eamica inclui gradua\u00e7\u00e3o em Hist\u00f3ria da Arte e mestrado em Artes pela Universidade do Estado do Rio de Janeiro (UERJ). Atualmente, atua como artista educadora, curadora e produtora cultural. Sua pesquisa art\u00edstica se concentra em quest\u00f5es da negritude, com um foco particular &hellip; <\/p>\n<p class=\"link-more\"><a href=\"https:\/\/maiamariana.com.br\/\" class=\"more-link\">Continue reading<span class=\"screen-reader-text\"> &#8220;Mariana Maia&#8221;<\/span><\/a><\/p>\n","protected":false},"author":1,"featured_media":10,"parent":0,"menu_order":0,"comment_status":"closed","ping_status":"closed","template":"","meta":{"ngg_post_thumbnail":0,"footnotes":""},"class_list":["post-21","page","type-page","status-publish","has-post-thumbnail","hentry","entry"],"_links":{"self":[{"href":"https:\/\/maiamariana.com.br\/index.php?rest_route=\/wp\/v2\/pages\/21","targetHints":{"allow":["GET"]}}],"collection":[{"href":"https:\/\/maiamariana.com.br\/index.php?rest_route=\/wp\/v2\/pages"}],"about":[{"href":"https:\/\/maiamariana.com.br\/index.php?rest_route=\/wp\/v2\/types\/page"}],"author":[{"embeddable":true,"href":"https:\/\/maiamariana.com.br\/index.php?rest_route=\/wp\/v2\/users\/1"}],"replies":[{"embeddable":true,"href":"https:\/\/maiamariana.com.br\/index.php?rest_route=%2Fwp%2Fv2%2Fcomments&post=21"}],"version-history":[{"count":11,"href":"https:\/\/maiamariana.com.br\/index.php?rest_route=\/wp\/v2\/pages\/21\/revisions"}],"predecessor-version":[{"id":321,"href":"https:\/\/maiamariana.com.br\/index.php?rest_route=\/wp\/v2\/pages\/21\/revisions\/321"}],"wp:featuredmedia":[{"embeddable":true,"href":"https:\/\/maiamariana.com.br\/index.php?rest_route=\/wp\/v2\/media\/10"}],"wp:attachment":[{"href":"https:\/\/maiamariana.com.br\/index.php?rest_route=%2Fwp%2Fv2%2Fmedia&parent=21"}],"curies":[{"name":"wp","href":"https:\/\/api.w.org\/{rel}","templated":true}]}}