{"id":153,"date":"2024-04-19T00:00:41","date_gmt":"2024-04-19T03:00:41","guid":{"rendered":"https:\/\/maiamariana.com.br\/?page_id=153"},"modified":"2024-04-19T00:00:41","modified_gmt":"2024-04-19T03:00:41","slug":"trouxa-de-ouro","status":"publish","type":"page","link":"https:\/\/maiamariana.com.br\/?page_id=153","title":{"rendered":"Trouxa de Ouro"},"content":{"rendered":"\n<p>Trouxa de Ouro, Filme, 2021, Fotografias e filmagem: Rezm Orah. Durante a Resid\u00eancia \u201cUm Rio que nos separa\u201d &#8211; Cunts Collective.<\/p>\n\n\n\n<figure class=\"wp-block-embed is-type-video is-provider-youtube wp-block-embed-youtube wp-embed-aspect-16-9 wp-has-aspect-ratio\"><div class=\"wp-block-embed__wrapper\">\n<iframe loading=\"lazy\" title=\"TROUXA DE OURO Mariana Maia\" width=\"640\" height=\"360\" src=\"https:\/\/www.youtube.com\/embed\/XpPIEZniSmQ?feature=oembed\" frameborder=\"0\" allow=\"accelerometer; autoplay; clipboard-write; encrypted-media; gyroscope; picture-in-picture; web-share\" referrerpolicy=\"strict-origin-when-cross-origin\" allowfullscreen><\/iframe>\n<\/div><\/figure>\n\n\n\n<p>Uma mulher sustenta um fardo na cabe\u00e7a. Realiza tessituras de passados e presentes. A arte \u00e9 erguida como trouxa. Em um tecido amarrado cabe saberes, dores, fortalezas. Atrav\u00e9s do Atl\u00e2ntico transportamos em nossas cabe\u00e7as as cargas necess\u00e1rias, para reconstruir a \u00c1frica em diversos lugares do mundo.<\/p>\n","protected":false},"excerpt":{"rendered":"<p>Trouxa de Ouro, Filme, 2021, Fotografias e filmagem: Rezm Orah. Durante a Resid\u00eancia \u201cUm Rio que nos separa\u201d &#8211; Cunts Collective. Uma mulher sustenta um fardo na cabe\u00e7a. Realiza tessituras de passados e presentes. A arte \u00e9 erguida como trouxa. Em um tecido amarrado cabe saberes, dores, fortalezas. Atrav\u00e9s do Atl\u00e2ntico transportamos em nossas cabe\u00e7as &hellip; <\/p>\n<p class=\"link-more\"><a href=\"https:\/\/maiamariana.com.br\/?page_id=153\" class=\"more-link\">Continue reading<span class=\"screen-reader-text\"> &#8220;Trouxa de Ouro&#8221;<\/span><\/a><\/p>\n","protected":false},"author":1,"featured_media":12,"parent":0,"menu_order":0,"comment_status":"closed","ping_status":"closed","template":"","meta":{"ngg_post_thumbnail":0,"footnotes":""},"class_list":["post-153","page","type-page","status-publish","has-post-thumbnail","hentry","entry"],"_links":{"self":[{"href":"https:\/\/maiamariana.com.br\/index.php?rest_route=\/wp\/v2\/pages\/153","targetHints":{"allow":["GET"]}}],"collection":[{"href":"https:\/\/maiamariana.com.br\/index.php?rest_route=\/wp\/v2\/pages"}],"about":[{"href":"https:\/\/maiamariana.com.br\/index.php?rest_route=\/wp\/v2\/types\/page"}],"author":[{"embeddable":true,"href":"https:\/\/maiamariana.com.br\/index.php?rest_route=\/wp\/v2\/users\/1"}],"replies":[{"embeddable":true,"href":"https:\/\/maiamariana.com.br\/index.php?rest_route=%2Fwp%2Fv2%2Fcomments&post=153"}],"version-history":[{"count":1,"href":"https:\/\/maiamariana.com.br\/index.php?rest_route=\/wp\/v2\/pages\/153\/revisions"}],"predecessor-version":[{"id":155,"href":"https:\/\/maiamariana.com.br\/index.php?rest_route=\/wp\/v2\/pages\/153\/revisions\/155"}],"wp:featuredmedia":[{"embeddable":true,"href":"https:\/\/maiamariana.com.br\/index.php?rest_route=\/wp\/v2\/media\/12"}],"wp:attachment":[{"href":"https:\/\/maiamariana.com.br\/index.php?rest_route=%2Fwp%2Fv2%2Fmedia&parent=153"}],"curies":[{"name":"wp","href":"https:\/\/api.w.org\/{rel}","templated":true}]}}