{"id":133,"date":"2024-04-18T23:42:14","date_gmt":"2024-04-19T02:42:14","guid":{"rendered":"https:\/\/maiamariana.com.br\/?page_id=133"},"modified":"2024-04-18T23:46:06","modified_gmt":"2024-04-19T02:46:06","slug":"balaios","status":"publish","type":"page","link":"https:\/\/maiamariana.com.br\/?page_id=133","title":{"rendered":"Balaios"},"content":{"rendered":"\n<p>S\u00e9rie de Pinturas Acr\u00edlicas em Balaios de Palha.<\/p>\n\n\n\n<!-- default-view.php -->\n<div\n\tclass=\"ngg-galleryoverview default-view \n\t\t\"\n\tid=\"ngg-gallery-ceafbfffd98090f8ae4e688b2b85085b-1\">\n\n\t\t<!-- Thumbnails -->\n\t\t\t\t<div id=\"ngg-image-0\" class=\"ngg-gallery-thumbnail-box \n\t\t\t\t\t\t\t\t\t\t\t\" \n\t\t\t>\n\t\t\t\t\t\t<div class=\"ngg-gallery-thumbnail\">\n\t\t\t<a href=\"https:\/\/maiamariana.com.br\/wp-content\/gallery\/balaios\/20240214_001004-removebg-preview.png\"\n\t\t\t\ttitle=\"Quindim - 33 cm. \n\"\n\t\t\t\tdata-src=\"https:\/\/maiamariana.com.br\/wp-content\/gallery\/balaios\/20240214_001004-removebg-preview.png\"\n\t\t\t\tdata-thumbnail=\"https:\/\/maiamariana.com.br\/wp-content\/gallery\/balaios\/thumbs\/thumbs-20240214_001004-removebg-preview.png\"\n\t\t\t\tdata-image-id=\"29\"\n\t\t\t\tdata-title=\"Quindim \"\n\t\t\t\tdata-description=\"Quindim - 33 cm. \n\"\n\t\t\t\tdata-image-slug=\"20240214_001004-removebg-preview\"\n\t\t\t\tclass=\"ngg-simplelightbox\" rel=\"ceafbfffd98090f8ae4e688b2b85085b\">\n\t\t\t\t<img\n\t\t\t\t\ttitle=\"Quindim \"\n\t\t\t\t\talt=\"Quindim \"\n\t\t\t\t\tsrc=\"https:\/\/maiamariana.com.br\/wp-content\/gallery\/balaios\/thumbs\/thumbs-20240214_001004-removebg-preview.png\"\n\t\t\t\t\twidth=\"240\"\n\t\t\t\t\theight=\"160\"\n\t\t\t\t\tstyle=\"max-width:100%;\"\n\t\t\t\t\/>\n\t\t\t<\/a>\n\t\t<\/div>\n\t\t\t\t\t\t\t<\/div> \n\t\t\t\n\t\t\t\t<div id=\"ngg-image-1\" class=\"ngg-gallery-thumbnail-box \n\t\t\t\t\t\t\t\t\t\t\t\" \n\t\t\t>\n\t\t\t\t\t\t<div class=\"ngg-gallery-thumbnail\">\n\t\t\t<a href=\"https:\/\/maiamariana.com.br\/wp-content\/gallery\/balaios\/8.png\"\n\t\t\t\ttitle=\"Fio - 43 cm.\n\"\n\t\t\t\tdata-src=\"https:\/\/maiamariana.com.br\/wp-content\/gallery\/balaios\/8.png\"\n\t\t\t\tdata-thumbnail=\"https:\/\/maiamariana.com.br\/wp-content\/gallery\/balaios\/thumbs\/thumbs-8.png\"\n\t\t\t\tdata-image-id=\"30\"\n\t\t\t\tdata-title=\"Fio\"\n\t\t\t\tdata-description=\"Fio - 43 cm.\n\"\n\t\t\t\tdata-image-slug=\"8\"\n\t\t\t\tclass=\"ngg-simplelightbox\" rel=\"ceafbfffd98090f8ae4e688b2b85085b\">\n\t\t\t\t<img\n\t\t\t\t\ttitle=\"Fio\"\n\t\t\t\t\talt=\"Fio\"\n\t\t\t\t\tsrc=\"https:\/\/maiamariana.com.br\/wp-content\/gallery\/balaios\/thumbs\/thumbs-8.png\"\n\t\t\t\t\twidth=\"240\"\n\t\t\t\t\theight=\"160\"\n\t\t\t\t\tstyle=\"max-width:100%;\"\n\t\t\t\t\/>\n\t\t\t<\/a>\n\t\t<\/div>\n\t\t\t\t\t\t\t<\/div> \n\t\t\t\n\t\t\t\t<div id=\"ngg-image-2\" class=\"ngg-gallery-thumbnail-box \n\t\t\t\t\t\t\t\t\t\t\t\" \n\t\t\t>\n\t\t\t\t\t\t<div class=\"ngg-gallery-thumbnail\">\n\t\t\t<a href=\"https:\/\/maiamariana.com.br\/wp-content\/gallery\/balaios\/20240211_142457-removebg-preview.png\"\n\t\t\t\ttitle=\"Madona do Rio -  54 cm. \n\"\n\t\t\t\tdata-src=\"https:\/\/maiamariana.com.br\/wp-content\/gallery\/balaios\/20240211_142457-removebg-preview.png\"\n\t\t\t\tdata-thumbnail=\"https:\/\/maiamariana.com.br\/wp-content\/gallery\/balaios\/thumbs\/thumbs-20240211_142457-removebg-preview.png\"\n\t\t\t\tdata-image-id=\"31\"\n\t\t\t\tdata-title=\"Madona do Rio\"\n\t\t\t\tdata-description=\"Madona do Rio -  54 cm. \n\"\n\t\t\t\tdata-image-slug=\"20240211_142457-removebg-preview\"\n\t\t\t\tclass=\"ngg-simplelightbox\" rel=\"ceafbfffd98090f8ae4e688b2b85085b\">\n\t\t\t\t<img\n\t\t\t\t\ttitle=\"Madona do Rio\"\n\t\t\t\t\talt=\"Madona do Rio\"\n\t\t\t\t\tsrc=\"https:\/\/maiamariana.com.br\/wp-content\/gallery\/balaios\/thumbs\/thumbs-20240211_142457-removebg-preview.png\"\n\t\t\t\t\twidth=\"240\"\n\t\t\t\t\theight=\"160\"\n\t\t\t\t\tstyle=\"max-width:100%;\"\n\t\t\t\t\/>\n\t\t\t<\/a>\n\t\t<\/div>\n\t\t\t\t\t\t\t<\/div> \n\t\t\t\n\t\t\t\t<div id=\"ngg-image-3\" class=\"ngg-gallery-thumbnail-box \n\t\t\t\t\t\t\t\t\t\t\t\" \n\t\t\t>\n\t\t\t\t\t\t<div class=\"ngg-gallery-thumbnail\">\n\t\t\t<a href=\"https:\/\/maiamariana.com.br\/wp-content\/gallery\/balaios\/20240214_000930-removebg-preview.png\"\n\t\t\t\ttitle=\"Caminho - 43 cm. \n\"\n\t\t\t\tdata-src=\"https:\/\/maiamariana.com.br\/wp-content\/gallery\/balaios\/20240214_000930-removebg-preview.png\"\n\t\t\t\tdata-thumbnail=\"https:\/\/maiamariana.com.br\/wp-content\/gallery\/balaios\/thumbs\/thumbs-20240214_000930-removebg-preview.png\"\n\t\t\t\tdata-image-id=\"32\"\n\t\t\t\tdata-title=\"Caminho\"\n\t\t\t\tdata-description=\"Caminho - 43 cm. \n\"\n\t\t\t\tdata-image-slug=\"20240214_000930-removebg-preview\"\n\t\t\t\tclass=\"ngg-simplelightbox\" rel=\"ceafbfffd98090f8ae4e688b2b85085b\">\n\t\t\t\t<img\n\t\t\t\t\ttitle=\"Caminho\"\n\t\t\t\t\talt=\"Caminho\"\n\t\t\t\t\tsrc=\"https:\/\/maiamariana.com.br\/wp-content\/gallery\/balaios\/thumbs\/thumbs-20240214_000930-removebg-preview.png\"\n\t\t\t\t\twidth=\"240\"\n\t\t\t\t\theight=\"160\"\n\t\t\t\t\tstyle=\"max-width:100%;\"\n\t\t\t\t\/>\n\t\t\t<\/a>\n\t\t<\/div>\n\t\t\t\t\t\t\t<\/div> \n\t\t\t\n\t\t\t\t<div id=\"ngg-image-4\" class=\"ngg-gallery-thumbnail-box \n\t\t\t\t\t\t\t\t\t\t\t\" \n\t\t\t>\n\t\t\t\t\t\t<div class=\"ngg-gallery-thumbnail\">\n\t\t\t<a href=\"https:\/\/maiamariana.com.br\/wp-content\/gallery\/balaios\/20240213_235501-removebg-preview.png\"\n\t\t\t\ttitle=\"Ora i\u00ea i\u00ea o - 24 cm.\n\"\n\t\t\t\tdata-src=\"https:\/\/maiamariana.com.br\/wp-content\/gallery\/balaios\/20240213_235501-removebg-preview.png\"\n\t\t\t\tdata-thumbnail=\"https:\/\/maiamariana.com.br\/wp-content\/gallery\/balaios\/thumbs\/thumbs-20240213_235501-removebg-preview.png\"\n\t\t\t\tdata-image-id=\"33\"\n\t\t\t\tdata-title=\"Ora i\u00ea i\u00ea o\"\n\t\t\t\tdata-description=\"Ora i\u00ea i\u00ea o - 24 cm.\n\"\n\t\t\t\tdata-image-slug=\"20240213_235501-removebg-preview\"\n\t\t\t\tclass=\"ngg-simplelightbox\" rel=\"ceafbfffd98090f8ae4e688b2b85085b\">\n\t\t\t\t<img\n\t\t\t\t\ttitle=\"Ora i\u00ea i\u00ea o\"\n\t\t\t\t\talt=\"Ora i\u00ea i\u00ea o\"\n\t\t\t\t\tsrc=\"https:\/\/maiamariana.com.br\/wp-content\/gallery\/balaios\/thumbs\/thumbs-20240213_235501-removebg-preview.png\"\n\t\t\t\t\twidth=\"240\"\n\t\t\t\t\theight=\"160\"\n\t\t\t\t\tstyle=\"max-width:100%;\"\n\t\t\t\t\/>\n\t\t\t<\/a>\n\t\t<\/div>\n\t\t\t\t\t\t\t<\/div> \n\t\t\t\n\t\t\t\t<div id=\"ngg-image-5\" class=\"ngg-gallery-thumbnail-box \n\t\t\t\t\t\t\t\t\t\t\t\" \n\t\t\t>\n\t\t\t\t\t\t<div class=\"ngg-gallery-thumbnail\">\n\t\t\t<a href=\"https:\/\/maiamariana.com.br\/wp-content\/gallery\/balaios\/20240213_235616-removebg-preview.png\"\n\t\t\t\ttitle=\"Prote\u00e7\u00e3o - 23 cm.\"\n\t\t\t\tdata-src=\"https:\/\/maiamariana.com.br\/wp-content\/gallery\/balaios\/20240213_235616-removebg-preview.png\"\n\t\t\t\tdata-thumbnail=\"https:\/\/maiamariana.com.br\/wp-content\/gallery\/balaios\/thumbs\/thumbs-20240213_235616-removebg-preview.png\"\n\t\t\t\tdata-image-id=\"34\"\n\t\t\t\tdata-title=\"Prote\u00e7\u00e3o\"\n\t\t\t\tdata-description=\"Prote\u00e7\u00e3o - 23 cm.\"\n\t\t\t\tdata-image-slug=\"20240213_235616-removebg-preview\"\n\t\t\t\tclass=\"ngg-simplelightbox\" rel=\"ceafbfffd98090f8ae4e688b2b85085b\">\n\t\t\t\t<img\n\t\t\t\t\ttitle=\"Prote\u00e7\u00e3o\"\n\t\t\t\t\talt=\"Prote\u00e7\u00e3o\"\n\t\t\t\t\tsrc=\"https:\/\/maiamariana.com.br\/wp-content\/gallery\/balaios\/thumbs\/thumbs-20240213_235616-removebg-preview.png\"\n\t\t\t\t\twidth=\"240\"\n\t\t\t\t\theight=\"160\"\n\t\t\t\t\tstyle=\"max-width:100%;\"\n\t\t\t\t\/>\n\t\t\t<\/a>\n\t\t<\/div>\n\t\t\t\t\t\t\t<\/div> \n\t\t\t\n\t\n\t<br style=\"clear: both\" \/>\n\n\t\n\t\t<!-- Pagination -->\n\t\t<div class='ngg-clear'><\/div>\t<\/div>\n\n\n\n\n<p>Com dimens\u00f5es vari\u00e1veis os balaios de palha carregam imagens conectadas a Oxum e aos caminhos dourados trilhados por mulheres negras, em busca do amor, da prosperidade e da beleza.<\/p>\n","protected":false},"excerpt":{"rendered":"<p>S\u00e9rie de Pinturas Acr\u00edlicas em Balaios de Palha. Com dimens\u00f5es vari\u00e1veis os balaios de palha carregam imagens conectadas a Oxum e aos caminhos dourados trilhados por mulheres negras, em busca do amor, da prosperidade e da beleza.<\/p>\n","protected":false},"author":1,"featured_media":144,"parent":0,"menu_order":0,"comment_status":"closed","ping_status":"closed","template":"","meta":{"ngg_post_thumbnail":0,"footnotes":""},"class_list":["post-133","page","type-page","status-publish","has-post-thumbnail","hentry","entry"],"_links":{"self":[{"href":"https:\/\/maiamariana.com.br\/index.php?rest_route=\/wp\/v2\/pages\/133","targetHints":{"allow":["GET"]}}],"collection":[{"href":"https:\/\/maiamariana.com.br\/index.php?rest_route=\/wp\/v2\/pages"}],"about":[{"href":"https:\/\/maiamariana.com.br\/index.php?rest_route=\/wp\/v2\/types\/page"}],"author":[{"embeddable":true,"href":"https:\/\/maiamariana.com.br\/index.php?rest_route=\/wp\/v2\/users\/1"}],"replies":[{"embeddable":true,"href":"https:\/\/maiamariana.com.br\/index.php?rest_route=%2Fwp%2Fv2%2Fcomments&post=133"}],"version-history":[{"count":2,"href":"https:\/\/maiamariana.com.br\/index.php?rest_route=\/wp\/v2\/pages\/133\/revisions"}],"predecessor-version":[{"id":145,"href":"https:\/\/maiamariana.com.br\/index.php?rest_route=\/wp\/v2\/pages\/133\/revisions\/145"}],"wp:featuredmedia":[{"embeddable":true,"href":"https:\/\/maiamariana.com.br\/index.php?rest_route=\/wp\/v2\/media\/144"}],"wp:attachment":[{"href":"https:\/\/maiamariana.com.br\/index.php?rest_route=%2Fwp%2Fv2%2Fmedia&parent=133"}],"curies":[{"name":"wp","href":"https:\/\/api.w.org\/{rel}","templated":true}]}}