{"id":272,"date":"2025-02-01T17:52:16","date_gmt":"2025-02-01T20:52:16","guid":{"rendered":"https:\/\/maiamariana.com.br\/?page_id=272"},"modified":"2025-02-01T17:58:23","modified_gmt":"2025-02-01T20:58:23","slug":"mae-dourada","status":"publish","type":"page","link":"http:\/\/maiamariana.com.br\/?page_id=272","title":{"rendered":"M\u00e3e Dourada"},"content":{"rendered":"\n<p>Performance e Instala\u00e7\u00e3o, T\u00e9cnica mista, 2024. Dimens\u00f5es vari\u00e1veis, cerca de 5 x 2,50 m. Na Exposi\u00e7\u00e3o \u201cMem\u00f3rias Habitadas\u201d, 2024.<\/p>\n\n\n\n<figure class=\"wp-block-image size-large\"><img loading=\"lazy\" decoding=\"async\" width=\"1024\" height=\"625\" src=\"https:\/\/maiamariana.com.br\/wp-content\/uploads\/2025\/02\/20240712_181840_cortado-1024x625.jpg\" alt=\"\" class=\"wp-image-274\" srcset=\"http:\/\/maiamariana.com.br\/wp-content\/uploads\/2025\/02\/20240712_181840_cortado-1024x625.jpg 1024w, http:\/\/maiamariana.com.br\/wp-content\/uploads\/2025\/02\/20240712_181840_cortado-300x183.jpg 300w, http:\/\/maiamariana.com.br\/wp-content\/uploads\/2025\/02\/20240712_181840_cortado-768x469.jpg 768w, http:\/\/maiamariana.com.br\/wp-content\/uploads\/2025\/02\/20240712_181840_cortado-1536x937.jpg 1536w, http:\/\/maiamariana.com.br\/wp-content\/uploads\/2025\/02\/20240712_181840_cortado-2048x1249.jpg 2048w, http:\/\/maiamariana.com.br\/wp-content\/uploads\/2025\/02\/20240712_181840_cortado-1568x957.jpg 1568w\" sizes=\"auto, (max-width: 1024px) 100vw, 1024px\" \/><\/figure>\n\n\n\n<!-- default-view.php -->\n<div\n\tclass=\"ngg-galleryoverview default-view \n\t\t\"\n\tid=\"ngg-gallery-739024893970394bddf32e534c196760-1\">\n\n\t\t<!-- Thumbnails -->\n\t\t\t\t<div id=\"ngg-image-0\" class=\"ngg-gallery-thumbnail-box \n\t\t\t\t\t\t\t\t\t\t\t\" \n\t\t\t>\n\t\t\t\t\t\t<div class=\"ngg-gallery-thumbnail\">\n\t\t\t<a href=\"http:\/\/maiamariana.com.br\/wp-content\/gallery\/maedourada\/IMG-20240724-WA0033.jpg\"\n\t\t\t\ttitle=\"\"\n\t\t\t\tdata-src=\"http:\/\/maiamariana.com.br\/wp-content\/gallery\/maedourada\/IMG-20240724-WA0033.jpg\"\n\t\t\t\tdata-thumbnail=\"http:\/\/maiamariana.com.br\/wp-content\/gallery\/maedourada\/thumbs\/thumbs_IMG-20240724-WA0033.jpg\"\n\t\t\t\tdata-image-id=\"105\"\n\t\t\t\tdata-title=\"IMG-20240724-WA0033\"\n\t\t\t\tdata-description=\"\"\n\t\t\t\tdata-image-slug=\"img-20240724-wa0033\"\n\t\t\t\tclass=\"ngg-simplelightbox\" rel=\"739024893970394bddf32e534c196760\">\n\t\t\t\t<img\n\t\t\t\t\ttitle=\"IMG-20240724-WA0033\"\n\t\t\t\t\talt=\"IMG-20240724-WA0033\"\n\t\t\t\t\tsrc=\"http:\/\/maiamariana.com.br\/wp-content\/gallery\/maedourada\/thumbs\/thumbs_IMG-20240724-WA0033.jpg\"\n\t\t\t\t\twidth=\"240\"\n\t\t\t\t\theight=\"160\"\n\t\t\t\t\tstyle=\"max-width:100%;\"\n\t\t\t\t\/>\n\t\t\t<\/a>\n\t\t<\/div>\n\t\t\t\t\t\t\t<\/div> \n\t\t\t\n\t\t\t\t<div id=\"ngg-image-1\" class=\"ngg-gallery-thumbnail-box \n\t\t\t\t\t\t\t\t\t\t\t\" \n\t\t\t>\n\t\t\t\t\t\t<div class=\"ngg-gallery-thumbnail\">\n\t\t\t<a href=\"http:\/\/maiamariana.com.br\/wp-content\/gallery\/maedourada\/IMG-20240724-WA0034.jpg\"\n\t\t\t\ttitle=\"\"\n\t\t\t\tdata-src=\"http:\/\/maiamariana.com.br\/wp-content\/gallery\/maedourada\/IMG-20240724-WA0034.jpg\"\n\t\t\t\tdata-thumbnail=\"http:\/\/maiamariana.com.br\/wp-content\/gallery\/maedourada\/thumbs\/thumbs_IMG-20240724-WA0034.jpg\"\n\t\t\t\tdata-image-id=\"106\"\n\t\t\t\tdata-title=\"IMG-20240724-WA0034\"\n\t\t\t\tdata-description=\"\"\n\t\t\t\tdata-image-slug=\"img-20240724-wa0034\"\n\t\t\t\tclass=\"ngg-simplelightbox\" rel=\"739024893970394bddf32e534c196760\">\n\t\t\t\t<img\n\t\t\t\t\ttitle=\"IMG-20240724-WA0034\"\n\t\t\t\t\talt=\"IMG-20240724-WA0034\"\n\t\t\t\t\tsrc=\"http:\/\/maiamariana.com.br\/wp-content\/gallery\/maedourada\/thumbs\/thumbs_IMG-20240724-WA0034.jpg\"\n\t\t\t\t\twidth=\"240\"\n\t\t\t\t\theight=\"160\"\n\t\t\t\t\tstyle=\"max-width:100%;\"\n\t\t\t\t\/>\n\t\t\t<\/a>\n\t\t<\/div>\n\t\t\t\t\t\t\t<\/div> \n\t\t\t\n\t\t\t\t<div id=\"ngg-image-2\" class=\"ngg-gallery-thumbnail-box \n\t\t\t\t\t\t\t\t\t\t\t\" \n\t\t\t>\n\t\t\t\t\t\t<div class=\"ngg-gallery-thumbnail\">\n\t\t\t<a href=\"http:\/\/maiamariana.com.br\/wp-content\/gallery\/maedourada\/IMG-20240724-WA0039.jpg\"\n\t\t\t\ttitle=\"\"\n\t\t\t\tdata-src=\"http:\/\/maiamariana.com.br\/wp-content\/gallery\/maedourada\/IMG-20240724-WA0039.jpg\"\n\t\t\t\tdata-thumbnail=\"http:\/\/maiamariana.com.br\/wp-content\/gallery\/maedourada\/thumbs\/thumbs_IMG-20240724-WA0039.jpg\"\n\t\t\t\tdata-image-id=\"107\"\n\t\t\t\tdata-title=\"IMG-20240724-WA0039\"\n\t\t\t\tdata-description=\"\"\n\t\t\t\tdata-image-slug=\"img-20240724-wa0039\"\n\t\t\t\tclass=\"ngg-simplelightbox\" rel=\"739024893970394bddf32e534c196760\">\n\t\t\t\t<img\n\t\t\t\t\ttitle=\"IMG-20240724-WA0039\"\n\t\t\t\t\talt=\"IMG-20240724-WA0039\"\n\t\t\t\t\tsrc=\"http:\/\/maiamariana.com.br\/wp-content\/gallery\/maedourada\/thumbs\/thumbs_IMG-20240724-WA0039.jpg\"\n\t\t\t\t\twidth=\"240\"\n\t\t\t\t\theight=\"160\"\n\t\t\t\t\tstyle=\"max-width:100%;\"\n\t\t\t\t\/>\n\t\t\t<\/a>\n\t\t<\/div>\n\t\t\t\t\t\t\t<\/div> \n\t\t\t\n\t\t\t\t<div id=\"ngg-image-3\" class=\"ngg-gallery-thumbnail-box \n\t\t\t\t\t\t\t\t\t\t\t\" \n\t\t\t>\n\t\t\t\t\t\t<div class=\"ngg-gallery-thumbnail\">\n\t\t\t<a href=\"http:\/\/maiamariana.com.br\/wp-content\/gallery\/maedourada\/20240712_181952.jpg\"\n\t\t\t\ttitle=\"\"\n\t\t\t\tdata-src=\"http:\/\/maiamariana.com.br\/wp-content\/gallery\/maedourada\/20240712_181952.jpg\"\n\t\t\t\tdata-thumbnail=\"http:\/\/maiamariana.com.br\/wp-content\/gallery\/maedourada\/thumbs\/thumbs_20240712_181952.jpg\"\n\t\t\t\tdata-image-id=\"108\"\n\t\t\t\tdata-title=\"20240712_181952\"\n\t\t\t\tdata-description=\"\"\n\t\t\t\tdata-image-slug=\"20240712_181952\"\n\t\t\t\tclass=\"ngg-simplelightbox\" rel=\"739024893970394bddf32e534c196760\">\n\t\t\t\t<img\n\t\t\t\t\ttitle=\"20240712_181952\"\n\t\t\t\t\talt=\"20240712_181952\"\n\t\t\t\t\tsrc=\"http:\/\/maiamariana.com.br\/wp-content\/gallery\/maedourada\/thumbs\/thumbs_20240712_181952.jpg\"\n\t\t\t\t\twidth=\"240\"\n\t\t\t\t\theight=\"160\"\n\t\t\t\t\tstyle=\"max-width:100%;\"\n\t\t\t\t\/>\n\t\t\t<\/a>\n\t\t<\/div>\n\t\t\t\t\t\t\t<\/div> \n\t\t\t\n\t\t\t\t<div id=\"ngg-image-4\" class=\"ngg-gallery-thumbnail-box \n\t\t\t\t\t\t\t\t\t\t\t\" \n\t\t\t>\n\t\t\t\t\t\t<div class=\"ngg-gallery-thumbnail\">\n\t\t\t<a href=\"http:\/\/maiamariana.com.br\/wp-content\/gallery\/maedourada\/IMG-20240724-WA0041.jpg\"\n\t\t\t\ttitle=\"\"\n\t\t\t\tdata-src=\"http:\/\/maiamariana.com.br\/wp-content\/gallery\/maedourada\/IMG-20240724-WA0041.jpg\"\n\t\t\t\tdata-thumbnail=\"http:\/\/maiamariana.com.br\/wp-content\/gallery\/maedourada\/thumbs\/thumbs_IMG-20240724-WA0041.jpg\"\n\t\t\t\tdata-image-id=\"109\"\n\t\t\t\tdata-title=\"IMG-20240724-WA0041\"\n\t\t\t\tdata-description=\"\"\n\t\t\t\tdata-image-slug=\"img-20240724-wa0041\"\n\t\t\t\tclass=\"ngg-simplelightbox\" rel=\"739024893970394bddf32e534c196760\">\n\t\t\t\t<img\n\t\t\t\t\ttitle=\"IMG-20240724-WA0041\"\n\t\t\t\t\talt=\"IMG-20240724-WA0041\"\n\t\t\t\t\tsrc=\"http:\/\/maiamariana.com.br\/wp-content\/gallery\/maedourada\/thumbs\/thumbs_IMG-20240724-WA0041.jpg\"\n\t\t\t\t\twidth=\"240\"\n\t\t\t\t\theight=\"160\"\n\t\t\t\t\tstyle=\"max-width:100%;\"\n\t\t\t\t\/>\n\t\t\t<\/a>\n\t\t<\/div>\n\t\t\t\t\t\t\t<\/div> \n\t\t\t\n\t\t\t\t<div id=\"ngg-image-5\" class=\"ngg-gallery-thumbnail-box \n\t\t\t\t\t\t\t\t\t\t\t\" \n\t\t\t>\n\t\t\t\t\t\t<div class=\"ngg-gallery-thumbnail\">\n\t\t\t<a href=\"http:\/\/maiamariana.com.br\/wp-content\/gallery\/maedourada\/20240712_185504.jpg\"\n\t\t\t\ttitle=\"\"\n\t\t\t\tdata-src=\"http:\/\/maiamariana.com.br\/wp-content\/gallery\/maedourada\/20240712_185504.jpg\"\n\t\t\t\tdata-thumbnail=\"http:\/\/maiamariana.com.br\/wp-content\/gallery\/maedourada\/thumbs\/thumbs_20240712_185504.jpg\"\n\t\t\t\tdata-image-id=\"110\"\n\t\t\t\tdata-title=\"20240712_185504\"\n\t\t\t\tdata-description=\"\"\n\t\t\t\tdata-image-slug=\"20240712_185504\"\n\t\t\t\tclass=\"ngg-simplelightbox\" rel=\"739024893970394bddf32e534c196760\">\n\t\t\t\t<img\n\t\t\t\t\ttitle=\"20240712_185504\"\n\t\t\t\t\talt=\"20240712_185504\"\n\t\t\t\t\tsrc=\"http:\/\/maiamariana.com.br\/wp-content\/gallery\/maedourada\/thumbs\/thumbs_20240712_185504.jpg\"\n\t\t\t\t\twidth=\"240\"\n\t\t\t\t\theight=\"160\"\n\t\t\t\t\tstyle=\"max-width:100%;\"\n\t\t\t\t\/>\n\t\t\t<\/a>\n\t\t<\/div>\n\t\t\t\t\t\t\t<\/div> \n\t\t\t\n\t\t\t\t<div id=\"ngg-image-6\" class=\"ngg-gallery-thumbnail-box \n\t\t\t\t\t\t\t\t\t\t\t\" \n\t\t\t>\n\t\t\t\t\t\t<div class=\"ngg-gallery-thumbnail\">\n\t\t\t<a href=\"http:\/\/maiamariana.com.br\/wp-content\/gallery\/maedourada\/20240712_185445.jpg\"\n\t\t\t\ttitle=\"\"\n\t\t\t\tdata-src=\"http:\/\/maiamariana.com.br\/wp-content\/gallery\/maedourada\/20240712_185445.jpg\"\n\t\t\t\tdata-thumbnail=\"http:\/\/maiamariana.com.br\/wp-content\/gallery\/maedourada\/thumbs\/thumbs_20240712_185445.jpg\"\n\t\t\t\tdata-image-id=\"111\"\n\t\t\t\tdata-title=\"20240712_185445\"\n\t\t\t\tdata-description=\"\"\n\t\t\t\tdata-image-slug=\"20240712_185445\"\n\t\t\t\tclass=\"ngg-simplelightbox\" rel=\"739024893970394bddf32e534c196760\">\n\t\t\t\t<img\n\t\t\t\t\ttitle=\"20240712_185445\"\n\t\t\t\t\talt=\"20240712_185445\"\n\t\t\t\t\tsrc=\"http:\/\/maiamariana.com.br\/wp-content\/gallery\/maedourada\/thumbs\/thumbs_20240712_185445.jpg\"\n\t\t\t\t\twidth=\"240\"\n\t\t\t\t\theight=\"160\"\n\t\t\t\t\tstyle=\"max-width:100%;\"\n\t\t\t\t\/>\n\t\t\t<\/a>\n\t\t<\/div>\n\t\t\t\t\t\t\t<\/div> \n\t\t\t\n\t\t\t\t<div id=\"ngg-image-7\" class=\"ngg-gallery-thumbnail-box \n\t\t\t\t\t\t\t\t\t\t\t\" \n\t\t\t>\n\t\t\t\t\t\t<div class=\"ngg-gallery-thumbnail\">\n\t\t\t<a href=\"http:\/\/maiamariana.com.br\/wp-content\/gallery\/maedourada\/20240712_181928.jpg\"\n\t\t\t\ttitle=\"\"\n\t\t\t\tdata-src=\"http:\/\/maiamariana.com.br\/wp-content\/gallery\/maedourada\/20240712_181928.jpg\"\n\t\t\t\tdata-thumbnail=\"http:\/\/maiamariana.com.br\/wp-content\/gallery\/maedourada\/thumbs\/thumbs_20240712_181928.jpg\"\n\t\t\t\tdata-image-id=\"112\"\n\t\t\t\tdata-title=\"20240712_181928\"\n\t\t\t\tdata-description=\"\"\n\t\t\t\tdata-image-slug=\"20240712_181928\"\n\t\t\t\tclass=\"ngg-simplelightbox\" rel=\"739024893970394bddf32e534c196760\">\n\t\t\t\t<img\n\t\t\t\t\ttitle=\"20240712_181928\"\n\t\t\t\t\talt=\"20240712_181928\"\n\t\t\t\t\tsrc=\"http:\/\/maiamariana.com.br\/wp-content\/gallery\/maedourada\/thumbs\/thumbs_20240712_181928.jpg\"\n\t\t\t\t\twidth=\"240\"\n\t\t\t\t\theight=\"160\"\n\t\t\t\t\tstyle=\"max-width:100%;\"\n\t\t\t\t\/>\n\t\t\t<\/a>\n\t\t<\/div>\n\t\t\t\t\t\t\t<\/div> \n\t\t\t\n\t\t\t\t<div id=\"ngg-image-8\" class=\"ngg-gallery-thumbnail-box \n\t\t\t\t\t\t\t\t\t\t\t\" \n\t\t\t>\n\t\t\t\t\t\t<div class=\"ngg-gallery-thumbnail\">\n\t\t\t<a href=\"http:\/\/maiamariana.com.br\/wp-content\/gallery\/maedourada\/IMG-20240724-WA0042.jpg\"\n\t\t\t\ttitle=\"\"\n\t\t\t\tdata-src=\"http:\/\/maiamariana.com.br\/wp-content\/gallery\/maedourada\/IMG-20240724-WA0042.jpg\"\n\t\t\t\tdata-thumbnail=\"http:\/\/maiamariana.com.br\/wp-content\/gallery\/maedourada\/thumbs\/thumbs_IMG-20240724-WA0042.jpg\"\n\t\t\t\tdata-image-id=\"113\"\n\t\t\t\tdata-title=\"IMG-20240724-WA0042\"\n\t\t\t\tdata-description=\"\"\n\t\t\t\tdata-image-slug=\"img-20240724-wa0042\"\n\t\t\t\tclass=\"ngg-simplelightbox\" rel=\"739024893970394bddf32e534c196760\">\n\t\t\t\t<img\n\t\t\t\t\ttitle=\"IMG-20240724-WA0042\"\n\t\t\t\t\talt=\"IMG-20240724-WA0042\"\n\t\t\t\t\tsrc=\"http:\/\/maiamariana.com.br\/wp-content\/gallery\/maedourada\/thumbs\/thumbs_IMG-20240724-WA0042.jpg\"\n\t\t\t\t\twidth=\"240\"\n\t\t\t\t\theight=\"160\"\n\t\t\t\t\tstyle=\"max-width:100%;\"\n\t\t\t\t\/>\n\t\t\t<\/a>\n\t\t<\/div>\n\t\t\t\t\t\t\t<\/div> \n\t\t\t\n\t\t\t\t<div id=\"ngg-image-9\" class=\"ngg-gallery-thumbnail-box \n\t\t\t\t\t\t\t\t\t\t\t\" \n\t\t\t>\n\t\t\t\t\t\t<div class=\"ngg-gallery-thumbnail\">\n\t\t\t<a href=\"http:\/\/maiamariana.com.br\/wp-content\/gallery\/maedourada\/IMG-20240724-WA0056.jpg\"\n\t\t\t\ttitle=\"\"\n\t\t\t\tdata-src=\"http:\/\/maiamariana.com.br\/wp-content\/gallery\/maedourada\/IMG-20240724-WA0056.jpg\"\n\t\t\t\tdata-thumbnail=\"http:\/\/maiamariana.com.br\/wp-content\/gallery\/maedourada\/thumbs\/thumbs_IMG-20240724-WA0056.jpg\"\n\t\t\t\tdata-image-id=\"114\"\n\t\t\t\tdata-title=\"IMG-20240724-WA0056\"\n\t\t\t\tdata-description=\"\"\n\t\t\t\tdata-image-slug=\"img-20240724-wa0056\"\n\t\t\t\tclass=\"ngg-simplelightbox\" rel=\"739024893970394bddf32e534c196760\">\n\t\t\t\t<img\n\t\t\t\t\ttitle=\"IMG-20240724-WA0056\"\n\t\t\t\t\talt=\"IMG-20240724-WA0056\"\n\t\t\t\t\tsrc=\"http:\/\/maiamariana.com.br\/wp-content\/gallery\/maedourada\/thumbs\/thumbs_IMG-20240724-WA0056.jpg\"\n\t\t\t\t\twidth=\"240\"\n\t\t\t\t\theight=\"160\"\n\t\t\t\t\tstyle=\"max-width:100%;\"\n\t\t\t\t\/>\n\t\t\t<\/a>\n\t\t<\/div>\n\t\t\t\t\t\t\t<\/div> \n\t\t\t\n\t\t\t\t<div id=\"ngg-image-10\" class=\"ngg-gallery-thumbnail-box \n\t\t\t\t\t\t\t\t\t\t\t\" \n\t\t\t>\n\t\t\t\t\t\t<div class=\"ngg-gallery-thumbnail\">\n\t\t\t<a href=\"http:\/\/maiamariana.com.br\/wp-content\/gallery\/maedourada\/WhatsApp-Image-2024-09-02-at-22.21.59.jpeg\"\n\t\t\t\ttitle=\"\"\n\t\t\t\tdata-src=\"http:\/\/maiamariana.com.br\/wp-content\/gallery\/maedourada\/WhatsApp-Image-2024-09-02-at-22.21.59.jpeg\"\n\t\t\t\tdata-thumbnail=\"http:\/\/maiamariana.com.br\/wp-content\/gallery\/maedourada\/thumbs\/thumbs_WhatsApp-Image-2024-09-02-at-22.21.59.jpeg\"\n\t\t\t\tdata-image-id=\"115\"\n\t\t\t\tdata-title=\"WhatsApp-Image-2024-09-02-at-22.21.59\"\n\t\t\t\tdata-description=\"\"\n\t\t\t\tdata-image-slug=\"whatsapp-image-2024-09-02-at-22-21-59\"\n\t\t\t\tclass=\"ngg-simplelightbox\" rel=\"739024893970394bddf32e534c196760\">\n\t\t\t\t<img\n\t\t\t\t\ttitle=\"WhatsApp-Image-2024-09-02-at-22.21.59\"\n\t\t\t\t\talt=\"WhatsApp-Image-2024-09-02-at-22.21.59\"\n\t\t\t\t\tsrc=\"http:\/\/maiamariana.com.br\/wp-content\/gallery\/maedourada\/thumbs\/thumbs_WhatsApp-Image-2024-09-02-at-22.21.59.jpeg\"\n\t\t\t\t\twidth=\"240\"\n\t\t\t\t\theight=\"160\"\n\t\t\t\t\tstyle=\"max-width:100%;\"\n\t\t\t\t\/>\n\t\t\t<\/a>\n\t\t<\/div>\n\t\t\t\t\t\t\t<\/div> \n\t\t\t\n\t\t\t\t<div id=\"ngg-image-11\" class=\"ngg-gallery-thumbnail-box \n\t\t\t\t\t\t\t\t\t\t\t\" \n\t\t\t>\n\t\t\t\t\t\t<div class=\"ngg-gallery-thumbnail\">\n\t\t\t<a href=\"http:\/\/maiamariana.com.br\/wp-content\/gallery\/maedourada\/WhatsApp-Image-2024-09-02-at-22.22.00-1.jpeg\"\n\t\t\t\ttitle=\"\"\n\t\t\t\tdata-src=\"http:\/\/maiamariana.com.br\/wp-content\/gallery\/maedourada\/WhatsApp-Image-2024-09-02-at-22.22.00-1.jpeg\"\n\t\t\t\tdata-thumbnail=\"http:\/\/maiamariana.com.br\/wp-content\/gallery\/maedourada\/thumbs\/thumbs_WhatsApp-Image-2024-09-02-at-22.22.00-1.jpeg\"\n\t\t\t\tdata-image-id=\"116\"\n\t\t\t\tdata-title=\"WhatsApp-Image-2024-09-02-at-22.22.00-1\"\n\t\t\t\tdata-description=\"\"\n\t\t\t\tdata-image-slug=\"whatsapp-image-2024-09-02-at-22-22-00-1\"\n\t\t\t\tclass=\"ngg-simplelightbox\" rel=\"739024893970394bddf32e534c196760\">\n\t\t\t\t<img\n\t\t\t\t\ttitle=\"WhatsApp-Image-2024-09-02-at-22.22.00-1\"\n\t\t\t\t\talt=\"WhatsApp-Image-2024-09-02-at-22.22.00-1\"\n\t\t\t\t\tsrc=\"http:\/\/maiamariana.com.br\/wp-content\/gallery\/maedourada\/thumbs\/thumbs_WhatsApp-Image-2024-09-02-at-22.22.00-1.jpeg\"\n\t\t\t\t\twidth=\"240\"\n\t\t\t\t\theight=\"160\"\n\t\t\t\t\tstyle=\"max-width:100%;\"\n\t\t\t\t\/>\n\t\t\t<\/a>\n\t\t<\/div>\n\t\t\t\t\t\t\t<\/div> \n\t\t\t\n\t\t\t\t<div id=\"ngg-image-12\" class=\"ngg-gallery-thumbnail-box \n\t\t\t\t\t\t\t\t\t\t\t\" \n\t\t\t>\n\t\t\t\t\t\t<div class=\"ngg-gallery-thumbnail\">\n\t\t\t<a href=\"http:\/\/maiamariana.com.br\/wp-content\/gallery\/maedourada\/WhatsApp-Image-2024-09-02-at-22.22.00.jpeg\"\n\t\t\t\ttitle=\"\"\n\t\t\t\tdata-src=\"http:\/\/maiamariana.com.br\/wp-content\/gallery\/maedourada\/WhatsApp-Image-2024-09-02-at-22.22.00.jpeg\"\n\t\t\t\tdata-thumbnail=\"http:\/\/maiamariana.com.br\/wp-content\/gallery\/maedourada\/thumbs\/thumbs_WhatsApp-Image-2024-09-02-at-22.22.00.jpeg\"\n\t\t\t\tdata-image-id=\"117\"\n\t\t\t\tdata-title=\"WhatsApp-Image-2024-09-02-at-22.22.00\"\n\t\t\t\tdata-description=\"\"\n\t\t\t\tdata-image-slug=\"whatsapp-image-2024-09-02-at-22-22-00\"\n\t\t\t\tclass=\"ngg-simplelightbox\" rel=\"739024893970394bddf32e534c196760\">\n\t\t\t\t<img\n\t\t\t\t\ttitle=\"WhatsApp-Image-2024-09-02-at-22.22.00\"\n\t\t\t\t\talt=\"WhatsApp-Image-2024-09-02-at-22.22.00\"\n\t\t\t\t\tsrc=\"http:\/\/maiamariana.com.br\/wp-content\/gallery\/maedourada\/thumbs\/thumbs_WhatsApp-Image-2024-09-02-at-22.22.00.jpeg\"\n\t\t\t\t\twidth=\"240\"\n\t\t\t\t\theight=\"160\"\n\t\t\t\t\tstyle=\"max-width:100%;\"\n\t\t\t\t\/>\n\t\t\t<\/a>\n\t\t<\/div>\n\t\t\t\t\t\t\t<\/div> \n\t\t\t\n\t\t\t\t<div id=\"ngg-image-13\" class=\"ngg-gallery-thumbnail-box \n\t\t\t\t\t\t\t\t\t\t\t\" \n\t\t\t>\n\t\t\t\t\t\t<div class=\"ngg-gallery-thumbnail\">\n\t\t\t<a href=\"http:\/\/maiamariana.com.br\/wp-content\/gallery\/maedourada\/WhatsApp-Image-2024-09-02-at-22.29.34.jpeg\"\n\t\t\t\ttitle=\"\"\n\t\t\t\tdata-src=\"http:\/\/maiamariana.com.br\/wp-content\/gallery\/maedourada\/WhatsApp-Image-2024-09-02-at-22.29.34.jpeg\"\n\t\t\t\tdata-thumbnail=\"http:\/\/maiamariana.com.br\/wp-content\/gallery\/maedourada\/thumbs\/thumbs_WhatsApp-Image-2024-09-02-at-22.29.34.jpeg\"\n\t\t\t\tdata-image-id=\"118\"\n\t\t\t\tdata-title=\"WhatsApp-Image-2024-09-02-at-22.29.34\"\n\t\t\t\tdata-description=\"\"\n\t\t\t\tdata-image-slug=\"whatsapp-image-2024-09-02-at-22-29-34\"\n\t\t\t\tclass=\"ngg-simplelightbox\" rel=\"739024893970394bddf32e534c196760\">\n\t\t\t\t<img\n\t\t\t\t\ttitle=\"WhatsApp-Image-2024-09-02-at-22.29.34\"\n\t\t\t\t\talt=\"WhatsApp-Image-2024-09-02-at-22.29.34\"\n\t\t\t\t\tsrc=\"http:\/\/maiamariana.com.br\/wp-content\/gallery\/maedourada\/thumbs\/thumbs_WhatsApp-Image-2024-09-02-at-22.29.34.jpeg\"\n\t\t\t\t\twidth=\"240\"\n\t\t\t\t\theight=\"160\"\n\t\t\t\t\tstyle=\"max-width:100%;\"\n\t\t\t\t\/>\n\t\t\t<\/a>\n\t\t<\/div>\n\t\t\t\t\t\t\t<\/div> \n\t\t\t\n\t\n\t<br style=\"clear: both\" \/>\n\n\t\n\t\t<!-- Pagination -->\n\t\t<div class='ngg-clear'><\/div>\t<\/div>\n\n\n\n\n<p>Performance e Instala\u00e7\u00e3o, onde as artistas lavam imagens com purpurina dourada. As fotografias nas bandeiras retratam \u201cm\u00e3es pretas\u201d, mulheres negras que cuidaram e muitas vezes amamentaram crian\u00e7as brancas no s\u00e9culo XIX. As imagens, impressas em tecido, recebem pinceladas douradas e s\u00e3o erguidas em varais. As \u201cm\u00e3es pretas\u201d povoam o imagin\u00e1rio nacional, esculturas em homenagem a elas est\u00e3o em todo territ\u00f3rio. Como Oxum, orix\u00e1 associada a maternidade e a riqueza, elas ensinaram formas de ser e de amar, deixando uma marca indel\u00e9vel na identidade nacional. Faz parte da instala\u00e7\u00e3o uma pintura sobre papel em bacia de alum\u00ednio, conectando essas personagens as lavadeiras, aos rios, as correntezas da vida. Na performance, realizada na abertura da exposi\u00e7\u00e3o &#8220;Mem\u00f3rias Habitadas&#8221;, quatro artistas contam hist\u00f3rias de m\u00e3es pretas e caminham pelas ruas da cidade de Tr\u00eas Rios\/ RJ. Participam da a\u00e7\u00e3o: Mariana Maia, Darlene Santos, Jacqueline Macedo, Jana\u00edna Andrade e a bateria da GRES Mocidade de Vila Isabel. A escola de samba convidada cuida carinhosamente da est\u00e1tua da m\u00e3e preta, localizada na cidade.<br><\/p>\n\n\n\n<figure class=\"wp-block-embed is-type-video is-provider-youtube wp-block-embed-youtube wp-embed-aspect-16-9 wp-has-aspect-ratio\"><div class=\"wp-block-embed__wrapper\">\n<iframe loading=\"lazy\" title=\"M\u00c3E DOURADA | Mem\u00f3rias Habitadas\" width=\"640\" height=\"360\" src=\"https:\/\/www.youtube.com\/embed\/XbfevWyI9EQ?feature=oembed\" frameborder=\"0\" allow=\"accelerometer; autoplay; clipboard-write; encrypted-media; gyroscope; picture-in-picture; web-share\" referrerpolicy=\"strict-origin-when-cross-origin\" allowfullscreen><\/iframe>\n<\/div><\/figure>\n","protected":false},"excerpt":{"rendered":"<p>Performance e Instala\u00e7\u00e3o, T\u00e9cnica mista, 2024. Dimens\u00f5es vari\u00e1veis, cerca de 5 x 2,50 m. Na Exposi\u00e7\u00e3o \u201cMem\u00f3rias Habitadas\u201d, 2024. Performance e Instala\u00e7\u00e3o, onde as artistas lavam imagens com purpurina dourada. As fotografias nas bandeiras retratam \u201cm\u00e3es pretas\u201d, mulheres negras que cuidaram e muitas vezes amamentaram crian\u00e7as brancas no s\u00e9culo XIX. As imagens, impressas em tecido, &hellip; <\/p>\n<p class=\"link-more\"><a href=\"http:\/\/maiamariana.com.br\/?page_id=272\" class=\"more-link\">Continue reading<span class=\"screen-reader-text\"> &#8220;M\u00e3e Dourada&#8221;<\/span><\/a><\/p>\n","protected":false},"author":1,"featured_media":290,"parent":0,"menu_order":0,"comment_status":"closed","ping_status":"closed","template":"","meta":{"ngg_post_thumbnail":0,"footnotes":""},"class_list":["post-272","page","type-page","status-publish","has-post-thumbnail","hentry","entry"],"_links":{"self":[{"href":"http:\/\/maiamariana.com.br\/index.php?rest_route=\/wp\/v2\/pages\/272","targetHints":{"allow":["GET"]}}],"collection":[{"href":"http:\/\/maiamariana.com.br\/index.php?rest_route=\/wp\/v2\/pages"}],"about":[{"href":"http:\/\/maiamariana.com.br\/index.php?rest_route=\/wp\/v2\/types\/page"}],"author":[{"embeddable":true,"href":"http:\/\/maiamariana.com.br\/index.php?rest_route=\/wp\/v2\/users\/1"}],"replies":[{"embeddable":true,"href":"http:\/\/maiamariana.com.br\/index.php?rest_route=%2Fwp%2Fv2%2Fcomments&post=272"}],"version-history":[{"count":4,"href":"http:\/\/maiamariana.com.br\/index.php?rest_route=\/wp\/v2\/pages\/272\/revisions"}],"predecessor-version":[{"id":295,"href":"http:\/\/maiamariana.com.br\/index.php?rest_route=\/wp\/v2\/pages\/272\/revisions\/295"}],"wp:featuredmedia":[{"embeddable":true,"href":"http:\/\/maiamariana.com.br\/index.php?rest_route=\/wp\/v2\/media\/290"}],"wp:attachment":[{"href":"http:\/\/maiamariana.com.br\/index.php?rest_route=%2Fwp%2Fv2%2Fmedia&parent=272"}],"curies":[{"name":"wp","href":"https:\/\/api.w.org\/{rel}","templated":true}]}}