{"id":26,"date":"2024-04-18T16:28:23","date_gmt":"2024-04-18T19:28:23","guid":{"rendered":"https:\/\/maiamariana.com.br\/?page_id=26"},"modified":"2025-02-01T18:33:12","modified_gmt":"2025-02-01T21:33:12","slug":"ofertar-as-aguas","status":"publish","type":"page","link":"http:\/\/maiamariana.com.br\/?page_id=26","title":{"rendered":"Ofertar as \u00c1guas"},"content":{"rendered":"\n<p>V\u00eddeo Performance e Instala\u00e7\u00e3o, 2024.<\/p>\n\n\n\n<p>Still da V\u00eddeo Performance e Instala\u00e7\u00e3o na Exposi\u00e7\u00e3o &#8220;Uma Casa Toda Sua&#8221;, Museu Casa Eva Klabin, Rio de Janeiro, 2024. Fotografia e Filmagem: Jacqueline Melo.<\/p>\n\n\n\n<!-- default-view.php -->\n<div\n\tclass=\"ngg-galleryoverview default-view \n\t\t\"\n\tid=\"ngg-gallery-edf1a9923c54aea13d5dc49a30059d8b-1\">\n\n\t\t<!-- Thumbnails -->\n\t\t\t\t<div id=\"ngg-image-0\" class=\"ngg-gallery-thumbnail-box \n\t\t\t\t\t\t\t\t\t\t\t\" \n\t\t\t>\n\t\t\t\t\t\t<div class=\"ngg-gallery-thumbnail\">\n\t\t\t<a href=\"http:\/\/maiamariana.com.br\/wp-content\/gallery\/ofertar\/MM09.png\"\n\t\t\t\ttitle=\"\"\n\t\t\t\tdata-src=\"http:\/\/maiamariana.com.br\/wp-content\/gallery\/ofertar\/MM09.png\"\n\t\t\t\tdata-thumbnail=\"http:\/\/maiamariana.com.br\/wp-content\/gallery\/ofertar\/thumbs\/thumbs-MM09.png\"\n\t\t\t\tdata-image-id=\"1\"\n\t\t\t\tdata-title=\"Still da VideoPerformance\"\n\t\t\t\tdata-description=\"\"\n\t\t\t\tdata-image-slug=\"mm09\"\n\t\t\t\tclass=\"ngg-simplelightbox\" rel=\"edf1a9923c54aea13d5dc49a30059d8b\">\n\t\t\t\t<img\n\t\t\t\t\ttitle=\"Still da VideoPerformance\"\n\t\t\t\t\talt=\"Still da VideoPerformance\"\n\t\t\t\t\tsrc=\"http:\/\/maiamariana.com.br\/wp-content\/gallery\/ofertar\/thumbs\/thumbs-MM09.png\"\n\t\t\t\t\twidth=\"240\"\n\t\t\t\t\theight=\"160\"\n\t\t\t\t\tstyle=\"max-width:100%;\"\n\t\t\t\t\/>\n\t\t\t<\/a>\n\t\t<\/div>\n\t\t\t\t\t\t\t<\/div> \n\t\t\t\n\t\t\t\t<div id=\"ngg-image-1\" class=\"ngg-gallery-thumbnail-box \n\t\t\t\t\t\t\t\t\t\t\t\" \n\t\t\t>\n\t\t\t\t\t\t<div class=\"ngg-gallery-thumbnail\">\n\t\t\t<a href=\"http:\/\/maiamariana.com.br\/wp-content\/gallery\/ofertar\/MM07.png\"\n\t\t\t\ttitle=\"\"\n\t\t\t\tdata-src=\"http:\/\/maiamariana.com.br\/wp-content\/gallery\/ofertar\/MM07.png\"\n\t\t\t\tdata-thumbnail=\"http:\/\/maiamariana.com.br\/wp-content\/gallery\/ofertar\/thumbs\/thumbs-MM07.png\"\n\t\t\t\tdata-image-id=\"2\"\n\t\t\t\tdata-title=\"Still da VideoPerformance\"\n\t\t\t\tdata-description=\"\"\n\t\t\t\tdata-image-slug=\"mm07\"\n\t\t\t\tclass=\"ngg-simplelightbox\" rel=\"edf1a9923c54aea13d5dc49a30059d8b\">\n\t\t\t\t<img\n\t\t\t\t\ttitle=\"Still da VideoPerformance\"\n\t\t\t\t\talt=\"Still da VideoPerformance\"\n\t\t\t\t\tsrc=\"http:\/\/maiamariana.com.br\/wp-content\/gallery\/ofertar\/thumbs\/thumbs-MM07.png\"\n\t\t\t\t\twidth=\"240\"\n\t\t\t\t\theight=\"160\"\n\t\t\t\t\tstyle=\"max-width:100%;\"\n\t\t\t\t\/>\n\t\t\t<\/a>\n\t\t<\/div>\n\t\t\t\t\t\t\t<\/div> \n\t\t\t\n\t\t\t\t<div id=\"ngg-image-2\" class=\"ngg-gallery-thumbnail-box \n\t\t\t\t\t\t\t\t\t\t\t\" \n\t\t\t>\n\t\t\t\t\t\t<div class=\"ngg-gallery-thumbnail\">\n\t\t\t<a href=\"http:\/\/maiamariana.com.br\/wp-content\/gallery\/ofertar\/MM08.png\"\n\t\t\t\ttitle=\"\"\n\t\t\t\tdata-src=\"http:\/\/maiamariana.com.br\/wp-content\/gallery\/ofertar\/MM08.png\"\n\t\t\t\tdata-thumbnail=\"http:\/\/maiamariana.com.br\/wp-content\/gallery\/ofertar\/thumbs\/thumbs-MM08.png\"\n\t\t\t\tdata-image-id=\"3\"\n\t\t\t\tdata-title=\"Still da VideoPerformance\"\n\t\t\t\tdata-description=\"\"\n\t\t\t\tdata-image-slug=\"mm08\"\n\t\t\t\tclass=\"ngg-simplelightbox\" rel=\"edf1a9923c54aea13d5dc49a30059d8b\">\n\t\t\t\t<img\n\t\t\t\t\ttitle=\"Still da VideoPerformance\"\n\t\t\t\t\talt=\"Still da VideoPerformance\"\n\t\t\t\t\tsrc=\"http:\/\/maiamariana.com.br\/wp-content\/gallery\/ofertar\/thumbs\/thumbs-MM08.png\"\n\t\t\t\t\twidth=\"240\"\n\t\t\t\t\theight=\"160\"\n\t\t\t\t\tstyle=\"max-width:100%;\"\n\t\t\t\t\/>\n\t\t\t<\/a>\n\t\t<\/div>\n\t\t\t\t\t\t\t<\/div> \n\t\t\t\n\t\t\t\t<div id=\"ngg-image-3\" class=\"ngg-gallery-thumbnail-box \n\t\t\t\t\t\t\t\t\t\t\t\" \n\t\t\t>\n\t\t\t\t\t\t<div class=\"ngg-gallery-thumbnail\">\n\t\t\t<a href=\"http:\/\/maiamariana.com.br\/wp-content\/gallery\/ofertar\/MM05.png\"\n\t\t\t\ttitle=\"\"\n\t\t\t\tdata-src=\"http:\/\/maiamariana.com.br\/wp-content\/gallery\/ofertar\/MM05.png\"\n\t\t\t\tdata-thumbnail=\"http:\/\/maiamariana.com.br\/wp-content\/gallery\/ofertar\/thumbs\/thumbs-MM05.png\"\n\t\t\t\tdata-image-id=\"4\"\n\t\t\t\tdata-title=\"Still da VideoPerformance\"\n\t\t\t\tdata-description=\"\"\n\t\t\t\tdata-image-slug=\"mm05\"\n\t\t\t\tclass=\"ngg-simplelightbox\" rel=\"edf1a9923c54aea13d5dc49a30059d8b\">\n\t\t\t\t<img\n\t\t\t\t\ttitle=\"Still da VideoPerformance\"\n\t\t\t\t\talt=\"Still da VideoPerformance\"\n\t\t\t\t\tsrc=\"http:\/\/maiamariana.com.br\/wp-content\/gallery\/ofertar\/thumbs\/thumbs-MM05.png\"\n\t\t\t\t\twidth=\"240\"\n\t\t\t\t\theight=\"160\"\n\t\t\t\t\tstyle=\"max-width:100%;\"\n\t\t\t\t\/>\n\t\t\t<\/a>\n\t\t<\/div>\n\t\t\t\t\t\t\t<\/div> \n\t\t\t\n\t\t\t\t<div id=\"ngg-image-4\" class=\"ngg-gallery-thumbnail-box \n\t\t\t\t\t\t\t\t\t\t\t\" \n\t\t\t>\n\t\t\t\t\t\t<div class=\"ngg-gallery-thumbnail\">\n\t\t\t<a href=\"http:\/\/maiamariana.com.br\/wp-content\/gallery\/ofertar\/MM04-2.png\"\n\t\t\t\ttitle=\"\"\n\t\t\t\tdata-src=\"http:\/\/maiamariana.com.br\/wp-content\/gallery\/ofertar\/MM04-2.png\"\n\t\t\t\tdata-thumbnail=\"http:\/\/maiamariana.com.br\/wp-content\/gallery\/ofertar\/thumbs\/thumbs-MM04-2.png\"\n\t\t\t\tdata-image-id=\"5\"\n\t\t\t\tdata-title=\"Still da VideoPerformance\"\n\t\t\t\tdata-description=\"\"\n\t\t\t\tdata-image-slug=\"mm04-2\"\n\t\t\t\tclass=\"ngg-simplelightbox\" rel=\"edf1a9923c54aea13d5dc49a30059d8b\">\n\t\t\t\t<img\n\t\t\t\t\ttitle=\"Still da VideoPerformance\"\n\t\t\t\t\talt=\"Still da VideoPerformance\"\n\t\t\t\t\tsrc=\"http:\/\/maiamariana.com.br\/wp-content\/gallery\/ofertar\/thumbs\/thumbs-MM04-2.png\"\n\t\t\t\t\twidth=\"240\"\n\t\t\t\t\theight=\"160\"\n\t\t\t\t\tstyle=\"max-width:100%;\"\n\t\t\t\t\/>\n\t\t\t<\/a>\n\t\t<\/div>\n\t\t\t\t\t\t\t<\/div> \n\t\t\t\n\t\t\t\t<div id=\"ngg-image-5\" class=\"ngg-gallery-thumbnail-box \n\t\t\t\t\t\t\t\t\t\t\t\" \n\t\t\t>\n\t\t\t\t\t\t<div class=\"ngg-gallery-thumbnail\">\n\t\t\t<a href=\"http:\/\/maiamariana.com.br\/wp-content\/gallery\/ofertar\/MM03.png\"\n\t\t\t\ttitle=\"\"\n\t\t\t\tdata-src=\"http:\/\/maiamariana.com.br\/wp-content\/gallery\/ofertar\/MM03.png\"\n\t\t\t\tdata-thumbnail=\"http:\/\/maiamariana.com.br\/wp-content\/gallery\/ofertar\/thumbs\/thumbs-MM03.png\"\n\t\t\t\tdata-image-id=\"6\"\n\t\t\t\tdata-title=\"Still da VideoPerformance\"\n\t\t\t\tdata-description=\"\"\n\t\t\t\tdata-image-slug=\"mm03\"\n\t\t\t\tclass=\"ngg-simplelightbox\" rel=\"edf1a9923c54aea13d5dc49a30059d8b\">\n\t\t\t\t<img\n\t\t\t\t\ttitle=\"Still da VideoPerformance\"\n\t\t\t\t\talt=\"Still da VideoPerformance\"\n\t\t\t\t\tsrc=\"http:\/\/maiamariana.com.br\/wp-content\/gallery\/ofertar\/thumbs\/thumbs-MM03.png\"\n\t\t\t\t\twidth=\"240\"\n\t\t\t\t\theight=\"160\"\n\t\t\t\t\tstyle=\"max-width:100%;\"\n\t\t\t\t\/>\n\t\t\t<\/a>\n\t\t<\/div>\n\t\t\t\t\t\t\t<\/div> \n\t\t\t\n\t\t\t\t<div id=\"ngg-image-6\" class=\"ngg-gallery-thumbnail-box \n\t\t\t\t\t\t\t\t\t\t\t\" \n\t\t\t>\n\t\t\t\t\t\t<div class=\"ngg-gallery-thumbnail\">\n\t\t\t<a href=\"http:\/\/maiamariana.com.br\/wp-content\/gallery\/ofertar\/MM01.png\"\n\t\t\t\ttitle=\"\"\n\t\t\t\tdata-src=\"http:\/\/maiamariana.com.br\/wp-content\/gallery\/ofertar\/MM01.png\"\n\t\t\t\tdata-thumbnail=\"http:\/\/maiamariana.com.br\/wp-content\/gallery\/ofertar\/thumbs\/thumbs-MM01.png\"\n\t\t\t\tdata-image-id=\"7\"\n\t\t\t\tdata-title=\"Still da VideoPerformance\"\n\t\t\t\tdata-description=\"\"\n\t\t\t\tdata-image-slug=\"mm01\"\n\t\t\t\tclass=\"ngg-simplelightbox\" rel=\"edf1a9923c54aea13d5dc49a30059d8b\">\n\t\t\t\t<img\n\t\t\t\t\ttitle=\"Still da VideoPerformance\"\n\t\t\t\t\talt=\"Still da VideoPerformance\"\n\t\t\t\t\tsrc=\"http:\/\/maiamariana.com.br\/wp-content\/gallery\/ofertar\/thumbs\/thumbs-MM01.png\"\n\t\t\t\t\twidth=\"240\"\n\t\t\t\t\theight=\"160\"\n\t\t\t\t\tstyle=\"max-width:100%;\"\n\t\t\t\t\/>\n\t\t\t<\/a>\n\t\t<\/div>\n\t\t\t\t\t\t\t<\/div> \n\t\t\t\n\t\t\t\t<div id=\"ngg-image-7\" class=\"ngg-gallery-thumbnail-box \n\t\t\t\t\t\t\t\t\t\t\t\" \n\t\t\t>\n\t\t\t\t\t\t<div class=\"ngg-gallery-thumbnail\">\n\t\t\t<a href=\"http:\/\/maiamariana.com.br\/wp-content\/gallery\/ofertar\/MM02.png\"\n\t\t\t\ttitle=\"\"\n\t\t\t\tdata-src=\"http:\/\/maiamariana.com.br\/wp-content\/gallery\/ofertar\/MM02.png\"\n\t\t\t\tdata-thumbnail=\"http:\/\/maiamariana.com.br\/wp-content\/gallery\/ofertar\/thumbs\/thumbs-MM02.png\"\n\t\t\t\tdata-image-id=\"8\"\n\t\t\t\tdata-title=\"Still da VideoPerformance\"\n\t\t\t\tdata-description=\"\"\n\t\t\t\tdata-image-slug=\"mm02\"\n\t\t\t\tclass=\"ngg-simplelightbox\" rel=\"edf1a9923c54aea13d5dc49a30059d8b\">\n\t\t\t\t<img\n\t\t\t\t\ttitle=\"Still da VideoPerformance\"\n\t\t\t\t\talt=\"Still da VideoPerformance\"\n\t\t\t\t\tsrc=\"http:\/\/maiamariana.com.br\/wp-content\/gallery\/ofertar\/thumbs\/thumbs-MM02.png\"\n\t\t\t\t\twidth=\"240\"\n\t\t\t\t\theight=\"160\"\n\t\t\t\t\tstyle=\"max-width:100%;\"\n\t\t\t\t\/>\n\t\t\t<\/a>\n\t\t<\/div>\n\t\t\t\t\t\t\t<\/div> \n\t\t\t\n\t\t\t\t<div id=\"ngg-image-8\" class=\"ngg-gallery-thumbnail-box \n\t\t\t\t\t\t\t\t\t\t\t\" \n\t\t\t>\n\t\t\t\t\t\t<div class=\"ngg-gallery-thumbnail\">\n\t\t\t<a href=\"http:\/\/maiamariana.com.br\/wp-content\/gallery\/ofertar\/MM06.png\"\n\t\t\t\ttitle=\"\"\n\t\t\t\tdata-src=\"http:\/\/maiamariana.com.br\/wp-content\/gallery\/ofertar\/MM06.png\"\n\t\t\t\tdata-thumbnail=\"http:\/\/maiamariana.com.br\/wp-content\/gallery\/ofertar\/thumbs\/thumbs-MM06.png\"\n\t\t\t\tdata-image-id=\"9\"\n\t\t\t\tdata-title=\"Still da VideoPerformance\"\n\t\t\t\tdata-description=\"\"\n\t\t\t\tdata-image-slug=\"mm06\"\n\t\t\t\tclass=\"ngg-simplelightbox\" rel=\"edf1a9923c54aea13d5dc49a30059d8b\">\n\t\t\t\t<img\n\t\t\t\t\ttitle=\"Still da VideoPerformance\"\n\t\t\t\t\talt=\"Still da VideoPerformance\"\n\t\t\t\t\tsrc=\"http:\/\/maiamariana.com.br\/wp-content\/gallery\/ofertar\/thumbs\/thumbs-MM06.png\"\n\t\t\t\t\twidth=\"240\"\n\t\t\t\t\theight=\"160\"\n\t\t\t\t\tstyle=\"max-width:100%;\"\n\t\t\t\t\/>\n\t\t\t<\/a>\n\t\t<\/div>\n\t\t\t\t\t\t\t<\/div> \n\t\t\t\n\t\t\t\t<div id=\"ngg-image-9\" class=\"ngg-gallery-thumbnail-box \n\t\t\t\t\t\t\t\t\t\t\t\" \n\t\t\t>\n\t\t\t\t\t\t<div class=\"ngg-gallery-thumbnail\">\n\t\t\t<a href=\"http:\/\/maiamariana.com.br\/wp-content\/gallery\/ofertar2\/PSX_20240414_114757.jpg\"\n\t\t\t\ttitle=\"\"\n\t\t\t\tdata-src=\"http:\/\/maiamariana.com.br\/wp-content\/gallery\/ofertar2\/PSX_20240414_114757.jpg\"\n\t\t\t\tdata-thumbnail=\"http:\/\/maiamariana.com.br\/wp-content\/gallery\/ofertar2\/thumbs\/thumbs-PSX_20240414_114757.jpg\"\n\t\t\t\tdata-image-id=\"10\"\n\t\t\t\tdata-title=\"Instala\u00e7\u00e3o\"\n\t\t\t\tdata-description=\"\"\n\t\t\t\tdata-image-slug=\"psx_20240414_114757\"\n\t\t\t\tclass=\"ngg-simplelightbox\" rel=\"edf1a9923c54aea13d5dc49a30059d8b\">\n\t\t\t\t<img\n\t\t\t\t\ttitle=\"Instala\u00e7\u00e3o\"\n\t\t\t\t\talt=\"Instala\u00e7\u00e3o\"\n\t\t\t\t\tsrc=\"http:\/\/maiamariana.com.br\/wp-content\/gallery\/ofertar2\/thumbs\/thumbs-PSX_20240414_114757.jpg\"\n\t\t\t\t\twidth=\"240\"\n\t\t\t\t\theight=\"160\"\n\t\t\t\t\tstyle=\"max-width:100%;\"\n\t\t\t\t\/>\n\t\t\t<\/a>\n\t\t<\/div>\n\t\t\t\t\t\t\t<\/div> \n\t\t\t\n\t\t\t\t<div id=\"ngg-image-10\" class=\"ngg-gallery-thumbnail-box \n\t\t\t\t\t\t\t\t\t\t\t\" \n\t\t\t>\n\t\t\t\t\t\t<div class=\"ngg-gallery-thumbnail\">\n\t\t\t<a href=\"http:\/\/maiamariana.com.br\/wp-content\/gallery\/ofertar2\/IMG-20240413-WA0157.jpg\"\n\t\t\t\ttitle=\"\"\n\t\t\t\tdata-src=\"http:\/\/maiamariana.com.br\/wp-content\/gallery\/ofertar2\/IMG-20240413-WA0157.jpg\"\n\t\t\t\tdata-thumbnail=\"http:\/\/maiamariana.com.br\/wp-content\/gallery\/ofertar2\/thumbs\/thumbs-IMG-20240413-WA0157.jpg\"\n\t\t\t\tdata-image-id=\"11\"\n\t\t\t\tdata-title=\"Instala\u00e7\u00e3o\"\n\t\t\t\tdata-description=\"\"\n\t\t\t\tdata-image-slug=\"img-20240413-wa0157\"\n\t\t\t\tclass=\"ngg-simplelightbox\" rel=\"edf1a9923c54aea13d5dc49a30059d8b\">\n\t\t\t\t<img\n\t\t\t\t\ttitle=\"Instala\u00e7\u00e3o\"\n\t\t\t\t\talt=\"Instala\u00e7\u00e3o\"\n\t\t\t\t\tsrc=\"http:\/\/maiamariana.com.br\/wp-content\/gallery\/ofertar2\/thumbs\/thumbs-IMG-20240413-WA0157.jpg\"\n\t\t\t\t\twidth=\"240\"\n\t\t\t\t\theight=\"160\"\n\t\t\t\t\tstyle=\"max-width:100%;\"\n\t\t\t\t\/>\n\t\t\t<\/a>\n\t\t<\/div>\n\t\t\t\t\t\t\t<\/div> \n\t\t\t\n\t\t\t\t<div id=\"ngg-image-11\" class=\"ngg-gallery-thumbnail-box \n\t\t\t\t\t\t\t\t\t\t\t\" \n\t\t\t>\n\t\t\t\t\t\t<div class=\"ngg-gallery-thumbnail\">\n\t\t\t<a href=\"http:\/\/maiamariana.com.br\/wp-content\/gallery\/ofertar2\/IMG_20240414_120339_938.jpg\"\n\t\t\t\ttitle=\"\"\n\t\t\t\tdata-src=\"http:\/\/maiamariana.com.br\/wp-content\/gallery\/ofertar2\/IMG_20240414_120339_938.jpg\"\n\t\t\t\tdata-thumbnail=\"http:\/\/maiamariana.com.br\/wp-content\/gallery\/ofertar2\/thumbs\/thumbs-IMG_20240414_120339_938.jpg\"\n\t\t\t\tdata-image-id=\"12\"\n\t\t\t\tdata-title=\"Instala\u00e7\u00e3o\"\n\t\t\t\tdata-description=\"\"\n\t\t\t\tdata-image-slug=\"img_20240414_120339_938\"\n\t\t\t\tclass=\"ngg-simplelightbox\" rel=\"edf1a9923c54aea13d5dc49a30059d8b\">\n\t\t\t\t<img\n\t\t\t\t\ttitle=\"Instala\u00e7\u00e3o\"\n\t\t\t\t\talt=\"Instala\u00e7\u00e3o\"\n\t\t\t\t\tsrc=\"http:\/\/maiamariana.com.br\/wp-content\/gallery\/ofertar2\/thumbs\/thumbs-IMG_20240414_120339_938.jpg\"\n\t\t\t\t\twidth=\"240\"\n\t\t\t\t\theight=\"160\"\n\t\t\t\t\tstyle=\"max-width:100%;\"\n\t\t\t\t\/>\n\t\t\t<\/a>\n\t\t<\/div>\n\t\t\t\t\t\t\t<\/div> \n\t\t\t\n\t\n\t<br style=\"clear: both\" \/>\n\n\t\n\t\t<!-- Pagination -->\n\t\t<div class='ngg-clear'><\/div>\t<\/div>\n\n\n\n\n\n\n<p><strong>Sobre<\/strong><\/p>\n\n\n\n<p>&#8220;Na videoperformance e instala\u00e7\u00e3o art\u00edstica OFERTAR AS \u00c1GUAS, a proposta \u00e9 o cuidado com o corpo atrav\u00e9s de gestos ancestrais. Corpo \u00e9 morada, \u00e9 habita\u00e7\u00e3o, lugar de equil\u00edbrio e for\u00e7a. Se suor e l\u00e1grimas brotam do corpo feminino, existem len\u00e7os dourados para recolher a dor e ofertar, como um ato de resili\u00eancia. A escolha de Oxum, a rainha das \u00e1guas, deusa do ouro, e de Bastet, deusa eg\u00edpcia da fertilidade, evoca a sabedoria e o poder feminino. Espelhos velados pelas imagens das duas deusas dialogam com a beleza, a for\u00e7a e o divino.&#8221; (<strong>Isabel Portela<\/strong>, curadora da exposi\u00e7\u00e3o Uma Casa Toda Sua)<\/p>\n\n\n\n<figure class=\"wp-block-embed is-type-video is-provider-youtube wp-block-embed-youtube wp-embed-aspect-16-9 wp-has-aspect-ratio\"><div class=\"wp-block-embed__wrapper\">\n<iframe loading=\"lazy\" title=\"Ofertar as \u00e1guas\" width=\"640\" height=\"360\" src=\"https:\/\/www.youtube.com\/embed\/YcWgm3LUurs?feature=oembed\" frameborder=\"0\" allow=\"accelerometer; autoplay; clipboard-write; encrypted-media; gyroscope; picture-in-picture; web-share\" referrerpolicy=\"strict-origin-when-cross-origin\" allowfullscreen><\/iframe>\n<\/div><\/figure>\n","protected":false},"excerpt":{"rendered":"<p>V\u00eddeo Performance e Instala\u00e7\u00e3o, 2024. Still da V\u00eddeo Performance e Instala\u00e7\u00e3o na Exposi\u00e7\u00e3o &#8220;Uma Casa Toda Sua&#8221;, Museu Casa Eva Klabin, Rio de Janeiro, 2024. Fotografia e Filmagem: Jacqueline Melo. Sobre &#8220;Na videoperformance e instala\u00e7\u00e3o art\u00edstica OFERTAR AS \u00c1GUAS, a proposta \u00e9 o cuidado com o corpo atrav\u00e9s de gestos ancestrais. Corpo \u00e9 morada, \u00e9 &hellip; <\/p>\n<p class=\"link-more\"><a href=\"http:\/\/maiamariana.com.br\/?page_id=26\" class=\"more-link\">Continue reading<span class=\"screen-reader-text\"> &#8220;Ofertar as \u00c1guas&#8221;<\/span><\/a><\/p>\n","protected":false},"author":1,"featured_media":27,"parent":0,"menu_order":0,"comment_status":"closed","ping_status":"closed","template":"","meta":{"ngg_post_thumbnail":0,"footnotes":""},"class_list":["post-26","page","type-page","status-publish","has-post-thumbnail","hentry","entry"],"_links":{"self":[{"href":"http:\/\/maiamariana.com.br\/index.php?rest_route=\/wp\/v2\/pages\/26","targetHints":{"allow":["GET"]}}],"collection":[{"href":"http:\/\/maiamariana.com.br\/index.php?rest_route=\/wp\/v2\/pages"}],"about":[{"href":"http:\/\/maiamariana.com.br\/index.php?rest_route=\/wp\/v2\/types\/page"}],"author":[{"embeddable":true,"href":"http:\/\/maiamariana.com.br\/index.php?rest_route=\/wp\/v2\/users\/1"}],"replies":[{"embeddable":true,"href":"http:\/\/maiamariana.com.br\/index.php?rest_route=%2Fwp%2Fv2%2Fcomments&post=26"}],"version-history":[{"count":12,"href":"http:\/\/maiamariana.com.br\/index.php?rest_route=\/wp\/v2\/pages\/26\/revisions"}],"predecessor-version":[{"id":318,"href":"http:\/\/maiamariana.com.br\/index.php?rest_route=\/wp\/v2\/pages\/26\/revisions\/318"}],"wp:featuredmedia":[{"embeddable":true,"href":"http:\/\/maiamariana.com.br\/index.php?rest_route=\/wp\/v2\/media\/27"}],"wp:attachment":[{"href":"http:\/\/maiamariana.com.br\/index.php?rest_route=%2Fwp%2Fv2%2Fmedia&parent=26"}],"curies":[{"name":"wp","href":"https:\/\/api.w.org\/{rel}","templated":true}]}}