{"id":174,"date":"2024-04-19T00:43:52","date_gmt":"2024-04-19T03:43:52","guid":{"rendered":"https:\/\/maiamariana.com.br\/?page_id=174"},"modified":"2024-04-19T00:45:26","modified_gmt":"2024-04-19T03:45:26","slug":"mae-do-entardecer","status":"publish","type":"page","link":"http:\/\/maiamariana.com.br\/?page_id=174","title":{"rendered":"M\u00e3e do Entardecer"},"content":{"rendered":"\n<p>Performance, 2019. Evento <em>SegundaPreta<\/em>, Teatro Espanca, Belo Horizonte\/ MG. Fotografias: Mayara Laila. Na Resid\u00eancia Art\u00edstica &#8220;Terra Una&#8221;. Fotografias: Mariel Fabris. <\/p>\n\n\n\n<!-- default-view.php -->\n<div\n\tclass=\"ngg-galleryoverview default-view \n\t\t\"\n\tid=\"ngg-gallery-f5780e101f8205fa228e3d8752fb9a81-1\">\n\n\t\t<!-- Thumbnails -->\n\t\t\t\t<div id=\"ngg-image-0\" class=\"ngg-gallery-thumbnail-box \n\t\t\t\t\t\t\t\t\t\t\t\" \n\t\t\t>\n\t\t\t\t\t\t<div class=\"ngg-gallery-thumbnail\">\n\t\t\t<a href=\"http:\/\/maiamariana.com.br\/wp-content\/gallery\/maeentardecer\/IMG_8368.jpg\"\n\t\t\t\ttitle=\"\"\n\t\t\t\tdata-src=\"http:\/\/maiamariana.com.br\/wp-content\/gallery\/maeentardecer\/IMG_8368.jpg\"\n\t\t\t\tdata-thumbnail=\"http:\/\/maiamariana.com.br\/wp-content\/gallery\/maeentardecer\/thumbs\/thumbs-IMG_8368.jpg\"\n\t\t\t\tdata-image-id=\"48\"\n\t\t\t\tdata-title=\"IMG_8368\"\n\t\t\t\tdata-description=\"\"\n\t\t\t\tdata-image-slug=\"img_8368\"\n\t\t\t\tclass=\"ngg-simplelightbox\" rel=\"f5780e101f8205fa228e3d8752fb9a81\">\n\t\t\t\t<img\n\t\t\t\t\ttitle=\"IMG_8368\"\n\t\t\t\t\talt=\"IMG_8368\"\n\t\t\t\t\tsrc=\"http:\/\/maiamariana.com.br\/wp-content\/gallery\/maeentardecer\/thumbs\/thumbs-IMG_8368.jpg\"\n\t\t\t\t\twidth=\"240\"\n\t\t\t\t\theight=\"160\"\n\t\t\t\t\tstyle=\"max-width:100%;\"\n\t\t\t\t\/>\n\t\t\t<\/a>\n\t\t<\/div>\n\t\t\t\t\t\t\t<\/div> \n\t\t\t\n\t\t\t\t<div id=\"ngg-image-1\" class=\"ngg-gallery-thumbnail-box \n\t\t\t\t\t\t\t\t\t\t\t\" \n\t\t\t>\n\t\t\t\t\t\t<div class=\"ngg-gallery-thumbnail\">\n\t\t\t<a href=\"http:\/\/maiamariana.com.br\/wp-content\/gallery\/maeentardecer\/IMG_8312.jpg\"\n\t\t\t\ttitle=\"\"\n\t\t\t\tdata-src=\"http:\/\/maiamariana.com.br\/wp-content\/gallery\/maeentardecer\/IMG_8312.jpg\"\n\t\t\t\tdata-thumbnail=\"http:\/\/maiamariana.com.br\/wp-content\/gallery\/maeentardecer\/thumbs\/thumbs-IMG_8312.jpg\"\n\t\t\t\tdata-image-id=\"49\"\n\t\t\t\tdata-title=\"IMG_8312\"\n\t\t\t\tdata-description=\"\"\n\t\t\t\tdata-image-slug=\"img_8312\"\n\t\t\t\tclass=\"ngg-simplelightbox\" rel=\"f5780e101f8205fa228e3d8752fb9a81\">\n\t\t\t\t<img\n\t\t\t\t\ttitle=\"IMG_8312\"\n\t\t\t\t\talt=\"IMG_8312\"\n\t\t\t\t\tsrc=\"http:\/\/maiamariana.com.br\/wp-content\/gallery\/maeentardecer\/thumbs\/thumbs-IMG_8312.jpg\"\n\t\t\t\t\twidth=\"240\"\n\t\t\t\t\theight=\"160\"\n\t\t\t\t\tstyle=\"max-width:100%;\"\n\t\t\t\t\/>\n\t\t\t<\/a>\n\t\t<\/div>\n\t\t\t\t\t\t\t<\/div> \n\t\t\t\n\t\t\t\t<div id=\"ngg-image-2\" class=\"ngg-gallery-thumbnail-box \n\t\t\t\t\t\t\t\t\t\t\t\" \n\t\t\t>\n\t\t\t\t\t\t<div class=\"ngg-gallery-thumbnail\">\n\t\t\t<a href=\"http:\/\/maiamariana.com.br\/wp-content\/gallery\/maeentardecer\/IMG_8349.jpg\"\n\t\t\t\ttitle=\"\"\n\t\t\t\tdata-src=\"http:\/\/maiamariana.com.br\/wp-content\/gallery\/maeentardecer\/IMG_8349.jpg\"\n\t\t\t\tdata-thumbnail=\"http:\/\/maiamariana.com.br\/wp-content\/gallery\/maeentardecer\/thumbs\/thumbs-IMG_8349.jpg\"\n\t\t\t\tdata-image-id=\"50\"\n\t\t\t\tdata-title=\"IMG_8349\"\n\t\t\t\tdata-description=\"\"\n\t\t\t\tdata-image-slug=\"img_8349\"\n\t\t\t\tclass=\"ngg-simplelightbox\" rel=\"f5780e101f8205fa228e3d8752fb9a81\">\n\t\t\t\t<img\n\t\t\t\t\ttitle=\"IMG_8349\"\n\t\t\t\t\talt=\"IMG_8349\"\n\t\t\t\t\tsrc=\"http:\/\/maiamariana.com.br\/wp-content\/gallery\/maeentardecer\/thumbs\/thumbs-IMG_8349.jpg\"\n\t\t\t\t\twidth=\"240\"\n\t\t\t\t\theight=\"160\"\n\t\t\t\t\tstyle=\"max-width:100%;\"\n\t\t\t\t\/>\n\t\t\t<\/a>\n\t\t<\/div>\n\t\t\t\t\t\t\t<\/div> \n\t\t\t\n\t\t\t\t<div id=\"ngg-image-3\" class=\"ngg-gallery-thumbnail-box \n\t\t\t\t\t\t\t\t\t\t\t\" \n\t\t\t>\n\t\t\t\t\t\t<div class=\"ngg-gallery-thumbnail\">\n\t\t\t<a href=\"http:\/\/maiamariana.com.br\/wp-content\/gallery\/maeentardecer\/IMG_8322.jpg\"\n\t\t\t\ttitle=\"\"\n\t\t\t\tdata-src=\"http:\/\/maiamariana.com.br\/wp-content\/gallery\/maeentardecer\/IMG_8322.jpg\"\n\t\t\t\tdata-thumbnail=\"http:\/\/maiamariana.com.br\/wp-content\/gallery\/maeentardecer\/thumbs\/thumbs-IMG_8322.jpg\"\n\t\t\t\tdata-image-id=\"51\"\n\t\t\t\tdata-title=\"IMG_8322\"\n\t\t\t\tdata-description=\"\"\n\t\t\t\tdata-image-slug=\"img_8322\"\n\t\t\t\tclass=\"ngg-simplelightbox\" rel=\"f5780e101f8205fa228e3d8752fb9a81\">\n\t\t\t\t<img\n\t\t\t\t\ttitle=\"IMG_8322\"\n\t\t\t\t\talt=\"IMG_8322\"\n\t\t\t\t\tsrc=\"http:\/\/maiamariana.com.br\/wp-content\/gallery\/maeentardecer\/thumbs\/thumbs-IMG_8322.jpg\"\n\t\t\t\t\twidth=\"240\"\n\t\t\t\t\theight=\"160\"\n\t\t\t\t\tstyle=\"max-width:100%;\"\n\t\t\t\t\/>\n\t\t\t<\/a>\n\t\t<\/div>\n\t\t\t\t\t\t\t<\/div> \n\t\t\t\n\t\t\t\t<div id=\"ngg-image-4\" class=\"ngg-gallery-thumbnail-box \n\t\t\t\t\t\t\t\t\t\t\t\" \n\t\t\t>\n\t\t\t\t\t\t<div class=\"ngg-gallery-thumbnail\">\n\t\t\t<a href=\"http:\/\/maiamariana.com.br\/wp-content\/gallery\/maeentardecer\/IMG_8369.jpg\"\n\t\t\t\ttitle=\"\"\n\t\t\t\tdata-src=\"http:\/\/maiamariana.com.br\/wp-content\/gallery\/maeentardecer\/IMG_8369.jpg\"\n\t\t\t\tdata-thumbnail=\"http:\/\/maiamariana.com.br\/wp-content\/gallery\/maeentardecer\/thumbs\/thumbs-IMG_8369.jpg\"\n\t\t\t\tdata-image-id=\"52\"\n\t\t\t\tdata-title=\"IMG_8369\"\n\t\t\t\tdata-description=\"\"\n\t\t\t\tdata-image-slug=\"img_8369\"\n\t\t\t\tclass=\"ngg-simplelightbox\" rel=\"f5780e101f8205fa228e3d8752fb9a81\">\n\t\t\t\t<img\n\t\t\t\t\ttitle=\"IMG_8369\"\n\t\t\t\t\talt=\"IMG_8369\"\n\t\t\t\t\tsrc=\"http:\/\/maiamariana.com.br\/wp-content\/gallery\/maeentardecer\/thumbs\/thumbs-IMG_8369.jpg\"\n\t\t\t\t\twidth=\"240\"\n\t\t\t\t\theight=\"160\"\n\t\t\t\t\tstyle=\"max-width:100%;\"\n\t\t\t\t\/>\n\t\t\t<\/a>\n\t\t<\/div>\n\t\t\t\t\t\t\t<\/div> \n\t\t\t\n\t\t\t\t<div id=\"ngg-image-5\" class=\"ngg-gallery-thumbnail-box \n\t\t\t\t\t\t\t\t\t\t\t\" \n\t\t\t>\n\t\t\t\t\t\t<div class=\"ngg-gallery-thumbnail\">\n\t\t\t<a href=\"http:\/\/maiamariana.com.br\/wp-content\/gallery\/maeentardecer\/IMG_8373.jpg\"\n\t\t\t\ttitle=\"\"\n\t\t\t\tdata-src=\"http:\/\/maiamariana.com.br\/wp-content\/gallery\/maeentardecer\/IMG_8373.jpg\"\n\t\t\t\tdata-thumbnail=\"http:\/\/maiamariana.com.br\/wp-content\/gallery\/maeentardecer\/thumbs\/thumbs-IMG_8373.jpg\"\n\t\t\t\tdata-image-id=\"53\"\n\t\t\t\tdata-title=\"IMG_8373\"\n\t\t\t\tdata-description=\"\"\n\t\t\t\tdata-image-slug=\"img_8373\"\n\t\t\t\tclass=\"ngg-simplelightbox\" rel=\"f5780e101f8205fa228e3d8752fb9a81\">\n\t\t\t\t<img\n\t\t\t\t\ttitle=\"IMG_8373\"\n\t\t\t\t\talt=\"IMG_8373\"\n\t\t\t\t\tsrc=\"http:\/\/maiamariana.com.br\/wp-content\/gallery\/maeentardecer\/thumbs\/thumbs-IMG_8373.jpg\"\n\t\t\t\t\twidth=\"240\"\n\t\t\t\t\theight=\"160\"\n\t\t\t\t\tstyle=\"max-width:100%;\"\n\t\t\t\t\/>\n\t\t\t<\/a>\n\t\t<\/div>\n\t\t\t\t\t\t\t<\/div> \n\t\t\t\n\t\n\t<br style=\"clear: both\" \/>\n\n\t\n\t\t<!-- Pagination -->\n\t\t<div class='ngg-clear'><\/div>\t<\/div>\n\n\n\n\n<!-- default-view.php -->\n<div\n\tclass=\"ngg-galleryoverview default-view \n\t\t\"\n\tid=\"ngg-gallery-f652d6f4651c8de3668ccf7c06eb09ad-1\">\n\n\t\t<!-- Thumbnails -->\n\t\t\t\t<div id=\"ngg-image-0\" class=\"ngg-gallery-thumbnail-box \n\t\t\t\t\t\t\t\t\t\t\t\" \n\t\t\t>\n\t\t\t\t\t\t<div class=\"ngg-gallery-thumbnail\">\n\t\t\t<a href=\"http:\/\/maiamariana.com.br\/wp-content\/gallery\/maeentardecer2\/05_TerraUnaPerformances-5.jpg\"\n\t\t\t\ttitle=\"\"\n\t\t\t\tdata-src=\"http:\/\/maiamariana.com.br\/wp-content\/gallery\/maeentardecer2\/05_TerraUnaPerformances-5.jpg\"\n\t\t\t\tdata-thumbnail=\"http:\/\/maiamariana.com.br\/wp-content\/gallery\/maeentardecer2\/thumbs\/thumbs-05_TerraUnaPerformances-5.jpg\"\n\t\t\t\tdata-image-id=\"54\"\n\t\t\t\tdata-title=\"05_TerraUnaPerformances-5\"\n\t\t\t\tdata-description=\"\"\n\t\t\t\tdata-image-slug=\"05_terraunaperformances-5\"\n\t\t\t\tclass=\"ngg-simplelightbox\" rel=\"f652d6f4651c8de3668ccf7c06eb09ad\">\n\t\t\t\t<img\n\t\t\t\t\ttitle=\"05_TerraUnaPerformances-5\"\n\t\t\t\t\talt=\"05_TerraUnaPerformances-5\"\n\t\t\t\t\tsrc=\"http:\/\/maiamariana.com.br\/wp-content\/gallery\/maeentardecer2\/thumbs\/thumbs-05_TerraUnaPerformances-5.jpg\"\n\t\t\t\t\twidth=\"240\"\n\t\t\t\t\theight=\"160\"\n\t\t\t\t\tstyle=\"max-width:100%;\"\n\t\t\t\t\/>\n\t\t\t<\/a>\n\t\t<\/div>\n\t\t\t\t\t\t\t<\/div> \n\t\t\t\n\t\t\t\t<div id=\"ngg-image-1\" class=\"ngg-gallery-thumbnail-box \n\t\t\t\t\t\t\t\t\t\t\t\" \n\t\t\t>\n\t\t\t\t\t\t<div class=\"ngg-gallery-thumbnail\">\n\t\t\t<a href=\"http:\/\/maiamariana.com.br\/wp-content\/gallery\/maeentardecer2\/05_TerraUnaPerformances-7.jpg\"\n\t\t\t\ttitle=\"\"\n\t\t\t\tdata-src=\"http:\/\/maiamariana.com.br\/wp-content\/gallery\/maeentardecer2\/05_TerraUnaPerformances-7.jpg\"\n\t\t\t\tdata-thumbnail=\"http:\/\/maiamariana.com.br\/wp-content\/gallery\/maeentardecer2\/thumbs\/thumbs-05_TerraUnaPerformances-7.jpg\"\n\t\t\t\tdata-image-id=\"55\"\n\t\t\t\tdata-title=\"05_TerraUnaPerformances-7\"\n\t\t\t\tdata-description=\"\"\n\t\t\t\tdata-image-slug=\"05_terraunaperformances-7\"\n\t\t\t\tclass=\"ngg-simplelightbox\" rel=\"f652d6f4651c8de3668ccf7c06eb09ad\">\n\t\t\t\t<img\n\t\t\t\t\ttitle=\"05_TerraUnaPerformances-7\"\n\t\t\t\t\talt=\"05_TerraUnaPerformances-7\"\n\t\t\t\t\tsrc=\"http:\/\/maiamariana.com.br\/wp-content\/gallery\/maeentardecer2\/thumbs\/thumbs-05_TerraUnaPerformances-7.jpg\"\n\t\t\t\t\twidth=\"240\"\n\t\t\t\t\theight=\"160\"\n\t\t\t\t\tstyle=\"max-width:100%;\"\n\t\t\t\t\/>\n\t\t\t<\/a>\n\t\t<\/div>\n\t\t\t\t\t\t\t<\/div> \n\t\t\t\n\t\t\t\t<div id=\"ngg-image-2\" class=\"ngg-gallery-thumbnail-box \n\t\t\t\t\t\t\t\t\t\t\t\" \n\t\t\t>\n\t\t\t\t\t\t<div class=\"ngg-gallery-thumbnail\">\n\t\t\t<a href=\"http:\/\/maiamariana.com.br\/wp-content\/gallery\/maeentardecer2\/05_TerraUnaPerformances-14.jpg\"\n\t\t\t\ttitle=\"\"\n\t\t\t\tdata-src=\"http:\/\/maiamariana.com.br\/wp-content\/gallery\/maeentardecer2\/05_TerraUnaPerformances-14.jpg\"\n\t\t\t\tdata-thumbnail=\"http:\/\/maiamariana.com.br\/wp-content\/gallery\/maeentardecer2\/thumbs\/thumbs-05_TerraUnaPerformances-14.jpg\"\n\t\t\t\tdata-image-id=\"56\"\n\t\t\t\tdata-title=\"05_TerraUnaPerformances-14\"\n\t\t\t\tdata-description=\"\"\n\t\t\t\tdata-image-slug=\"05_terraunaperformances-14\"\n\t\t\t\tclass=\"ngg-simplelightbox\" rel=\"f652d6f4651c8de3668ccf7c06eb09ad\">\n\t\t\t\t<img\n\t\t\t\t\ttitle=\"05_TerraUnaPerformances-14\"\n\t\t\t\t\talt=\"05_TerraUnaPerformances-14\"\n\t\t\t\t\tsrc=\"http:\/\/maiamariana.com.br\/wp-content\/gallery\/maeentardecer2\/thumbs\/thumbs-05_TerraUnaPerformances-14.jpg\"\n\t\t\t\t\twidth=\"240\"\n\t\t\t\t\theight=\"160\"\n\t\t\t\t\tstyle=\"max-width:100%;\"\n\t\t\t\t\/>\n\t\t\t<\/a>\n\t\t<\/div>\n\t\t\t\t\t\t\t<\/div> \n\t\t\t\n\t\t\t\t<div id=\"ngg-image-3\" class=\"ngg-gallery-thumbnail-box \n\t\t\t\t\t\t\t\t\t\t\t\" \n\t\t\t>\n\t\t\t\t\t\t<div class=\"ngg-gallery-thumbnail\">\n\t\t\t<a href=\"http:\/\/maiamariana.com.br\/wp-content\/gallery\/maeentardecer2\/05_TerraUnaPerformances-2.jpg\"\n\t\t\t\ttitle=\"\"\n\t\t\t\tdata-src=\"http:\/\/maiamariana.com.br\/wp-content\/gallery\/maeentardecer2\/05_TerraUnaPerformances-2.jpg\"\n\t\t\t\tdata-thumbnail=\"http:\/\/maiamariana.com.br\/wp-content\/gallery\/maeentardecer2\/thumbs\/thumbs-05_TerraUnaPerformances-2.jpg\"\n\t\t\t\tdata-image-id=\"57\"\n\t\t\t\tdata-title=\"05_TerraUnaPerformances-2\"\n\t\t\t\tdata-description=\"\"\n\t\t\t\tdata-image-slug=\"05_terraunaperformances-2\"\n\t\t\t\tclass=\"ngg-simplelightbox\" rel=\"f652d6f4651c8de3668ccf7c06eb09ad\">\n\t\t\t\t<img\n\t\t\t\t\ttitle=\"05_TerraUnaPerformances-2\"\n\t\t\t\t\talt=\"05_TerraUnaPerformances-2\"\n\t\t\t\t\tsrc=\"http:\/\/maiamariana.com.br\/wp-content\/gallery\/maeentardecer2\/thumbs\/thumbs-05_TerraUnaPerformances-2.jpg\"\n\t\t\t\t\twidth=\"240\"\n\t\t\t\t\theight=\"160\"\n\t\t\t\t\tstyle=\"max-width:100%;\"\n\t\t\t\t\/>\n\t\t\t<\/a>\n\t\t<\/div>\n\t\t\t\t\t\t\t<\/div> \n\t\t\t\n\t\t\t\t<div id=\"ngg-image-4\" class=\"ngg-gallery-thumbnail-box \n\t\t\t\t\t\t\t\t\t\t\t\" \n\t\t\t>\n\t\t\t\t\t\t<div class=\"ngg-gallery-thumbnail\">\n\t\t\t<a href=\"http:\/\/maiamariana.com.br\/wp-content\/gallery\/maeentardecer2\/05_TerraUnaPerformances-4.jpg\"\n\t\t\t\ttitle=\"\"\n\t\t\t\tdata-src=\"http:\/\/maiamariana.com.br\/wp-content\/gallery\/maeentardecer2\/05_TerraUnaPerformances-4.jpg\"\n\t\t\t\tdata-thumbnail=\"http:\/\/maiamariana.com.br\/wp-content\/gallery\/maeentardecer2\/thumbs\/thumbs-05_TerraUnaPerformances-4.jpg\"\n\t\t\t\tdata-image-id=\"58\"\n\t\t\t\tdata-title=\"05_TerraUnaPerformances-4\"\n\t\t\t\tdata-description=\"\"\n\t\t\t\tdata-image-slug=\"05_terraunaperformances-4\"\n\t\t\t\tclass=\"ngg-simplelightbox\" rel=\"f652d6f4651c8de3668ccf7c06eb09ad\">\n\t\t\t\t<img\n\t\t\t\t\ttitle=\"05_TerraUnaPerformances-4\"\n\t\t\t\t\talt=\"05_TerraUnaPerformances-4\"\n\t\t\t\t\tsrc=\"http:\/\/maiamariana.com.br\/wp-content\/gallery\/maeentardecer2\/thumbs\/thumbs-05_TerraUnaPerformances-4.jpg\"\n\t\t\t\t\twidth=\"240\"\n\t\t\t\t\theight=\"160\"\n\t\t\t\t\tstyle=\"max-width:100%;\"\n\t\t\t\t\/>\n\t\t\t<\/a>\n\t\t<\/div>\n\t\t\t\t\t\t\t<\/div> \n\t\t\t\n\t\t\t\t<div id=\"ngg-image-5\" class=\"ngg-gallery-thumbnail-box \n\t\t\t\t\t\t\t\t\t\t\t\" \n\t\t\t>\n\t\t\t\t\t\t<div class=\"ngg-gallery-thumbnail\">\n\t\t\t<a href=\"http:\/\/maiamariana.com.br\/wp-content\/gallery\/maeentardecer2\/03_TerraUnaPerformances-5.jpg\"\n\t\t\t\ttitle=\"\"\n\t\t\t\tdata-src=\"http:\/\/maiamariana.com.br\/wp-content\/gallery\/maeentardecer2\/03_TerraUnaPerformances-5.jpg\"\n\t\t\t\tdata-thumbnail=\"http:\/\/maiamariana.com.br\/wp-content\/gallery\/maeentardecer2\/thumbs\/thumbs-03_TerraUnaPerformances-5.jpg\"\n\t\t\t\tdata-image-id=\"59\"\n\t\t\t\tdata-title=\"03_TerraUnaPerformances-5\"\n\t\t\t\tdata-description=\"\"\n\t\t\t\tdata-image-slug=\"03_terraunaperformances-5\"\n\t\t\t\tclass=\"ngg-simplelightbox\" rel=\"f652d6f4651c8de3668ccf7c06eb09ad\">\n\t\t\t\t<img\n\t\t\t\t\ttitle=\"03_TerraUnaPerformances-5\"\n\t\t\t\t\talt=\"03_TerraUnaPerformances-5\"\n\t\t\t\t\tsrc=\"http:\/\/maiamariana.com.br\/wp-content\/gallery\/maeentardecer2\/thumbs\/thumbs-03_TerraUnaPerformances-5.jpg\"\n\t\t\t\t\twidth=\"240\"\n\t\t\t\t\theight=\"160\"\n\t\t\t\t\tstyle=\"max-width:100%;\"\n\t\t\t\t\/>\n\t\t\t<\/a>\n\t\t<\/div>\n\t\t\t\t\t\t\t<\/div> \n\t\t\t\n\t\t\t\t<div id=\"ngg-image-6\" class=\"ngg-gallery-thumbnail-box \n\t\t\t\t\t\t\t\t\t\t\t\" \n\t\t\t>\n\t\t\t\t\t\t<div class=\"ngg-gallery-thumbnail\">\n\t\t\t<a href=\"http:\/\/maiamariana.com.br\/wp-content\/gallery\/maeentardecer2\/03_TerraUnaPerformances-17.jpg\"\n\t\t\t\ttitle=\"\"\n\t\t\t\tdata-src=\"http:\/\/maiamariana.com.br\/wp-content\/gallery\/maeentardecer2\/03_TerraUnaPerformances-17.jpg\"\n\t\t\t\tdata-thumbnail=\"http:\/\/maiamariana.com.br\/wp-content\/gallery\/maeentardecer2\/thumbs\/thumbs-03_TerraUnaPerformances-17.jpg\"\n\t\t\t\tdata-image-id=\"60\"\n\t\t\t\tdata-title=\"03_TerraUnaPerformances-17\"\n\t\t\t\tdata-description=\"\"\n\t\t\t\tdata-image-slug=\"03_terraunaperformances-17\"\n\t\t\t\tclass=\"ngg-simplelightbox\" rel=\"f652d6f4651c8de3668ccf7c06eb09ad\">\n\t\t\t\t<img\n\t\t\t\t\ttitle=\"03_TerraUnaPerformances-17\"\n\t\t\t\t\talt=\"03_TerraUnaPerformances-17\"\n\t\t\t\t\tsrc=\"http:\/\/maiamariana.com.br\/wp-content\/gallery\/maeentardecer2\/thumbs\/thumbs-03_TerraUnaPerformances-17.jpg\"\n\t\t\t\t\twidth=\"240\"\n\t\t\t\t\theight=\"160\"\n\t\t\t\t\tstyle=\"max-width:100%;\"\n\t\t\t\t\/>\n\t\t\t<\/a>\n\t\t<\/div>\n\t\t\t\t\t\t\t<\/div> \n\t\t\t\n\t\t\t\t<div id=\"ngg-image-7\" class=\"ngg-gallery-thumbnail-box \n\t\t\t\t\t\t\t\t\t\t\t\" \n\t\t\t>\n\t\t\t\t\t\t<div class=\"ngg-gallery-thumbnail\">\n\t\t\t<a href=\"http:\/\/maiamariana.com.br\/wp-content\/gallery\/maeentardecer2\/03_TerraUnaPerformances-18.jpg\"\n\t\t\t\ttitle=\"\"\n\t\t\t\tdata-src=\"http:\/\/maiamariana.com.br\/wp-content\/gallery\/maeentardecer2\/03_TerraUnaPerformances-18.jpg\"\n\t\t\t\tdata-thumbnail=\"http:\/\/maiamariana.com.br\/wp-content\/gallery\/maeentardecer2\/thumbs\/thumbs-03_TerraUnaPerformances-18.jpg\"\n\t\t\t\tdata-image-id=\"61\"\n\t\t\t\tdata-title=\"03_TerraUnaPerformances-18\"\n\t\t\t\tdata-description=\"\"\n\t\t\t\tdata-image-slug=\"03_terraunaperformances-18\"\n\t\t\t\tclass=\"ngg-simplelightbox\" rel=\"f652d6f4651c8de3668ccf7c06eb09ad\">\n\t\t\t\t<img\n\t\t\t\t\ttitle=\"03_TerraUnaPerformances-18\"\n\t\t\t\t\talt=\"03_TerraUnaPerformances-18\"\n\t\t\t\t\tsrc=\"http:\/\/maiamariana.com.br\/wp-content\/gallery\/maeentardecer2\/thumbs\/thumbs-03_TerraUnaPerformances-18.jpg\"\n\t\t\t\t\twidth=\"240\"\n\t\t\t\t\theight=\"160\"\n\t\t\t\t\tstyle=\"max-width:100%;\"\n\t\t\t\t\/>\n\t\t\t<\/a>\n\t\t<\/div>\n\t\t\t\t\t\t\t<\/div> \n\t\t\t\n\t\t\t\t<div id=\"ngg-image-8\" class=\"ngg-gallery-thumbnail-box \n\t\t\t\t\t\t\t\t\t\t\t\" \n\t\t\t>\n\t\t\t\t\t\t<div class=\"ngg-gallery-thumbnail\">\n\t\t\t<a href=\"http:\/\/maiamariana.com.br\/wp-content\/gallery\/maeentardecer2\/03_TerraUnaPerformances-19.jpg\"\n\t\t\t\ttitle=\"\"\n\t\t\t\tdata-src=\"http:\/\/maiamariana.com.br\/wp-content\/gallery\/maeentardecer2\/03_TerraUnaPerformances-19.jpg\"\n\t\t\t\tdata-thumbnail=\"http:\/\/maiamariana.com.br\/wp-content\/gallery\/maeentardecer2\/thumbs\/thumbs-03_TerraUnaPerformances-19.jpg\"\n\t\t\t\tdata-image-id=\"62\"\n\t\t\t\tdata-title=\"03_TerraUnaPerformances-19\"\n\t\t\t\tdata-description=\"\"\n\t\t\t\tdata-image-slug=\"03_terraunaperformances-19\"\n\t\t\t\tclass=\"ngg-simplelightbox\" rel=\"f652d6f4651c8de3668ccf7c06eb09ad\">\n\t\t\t\t<img\n\t\t\t\t\ttitle=\"03_TerraUnaPerformances-19\"\n\t\t\t\t\talt=\"03_TerraUnaPerformances-19\"\n\t\t\t\t\tsrc=\"http:\/\/maiamariana.com.br\/wp-content\/gallery\/maeentardecer2\/thumbs\/thumbs-03_TerraUnaPerformances-19.jpg\"\n\t\t\t\t\twidth=\"240\"\n\t\t\t\t\theight=\"160\"\n\t\t\t\t\tstyle=\"max-width:100%;\"\n\t\t\t\t\/>\n\t\t\t<\/a>\n\t\t<\/div>\n\t\t\t\t\t\t\t<\/div> \n\t\t\t\n\t\n\t<br style=\"clear: both\" \/>\n\n\t\n\t\t<!-- Pagination -->\n\t\t<div class='ngg-clear'><\/div>\t<\/div>\n\n\n\n\n<p>A performer mistura o rastro de realidade dado pelas fotografias antigas e hist\u00f3rias ancestrais associadas a <em>Oy\u00e1<\/em>, para falar sobre mulheres de ontem e de hoje que est\u00e3o em constante risco, mas reagem e resistem ao mau tempo. Guarda-chuvas ganham formas improv\u00e1veis e gestos performativos. <\/p>\n\n\n\n<p>O filme &#8220;Fragmento do Tempo&#8221; \u00e9 inspirado nesta performance.<\/p>\n\n\n\n<figure class=\"wp-block-embed is-type-video is-provider-youtube wp-block-embed-youtube wp-embed-aspect-16-9 wp-has-aspect-ratio\"><div class=\"wp-block-embed__wrapper\">\n<iframe loading=\"lazy\" title=\"FRAGMENTO DO TEMPO Mariana Maia\" width=\"640\" height=\"360\" src=\"https:\/\/www.youtube.com\/embed\/CPVtTOLqRB4?feature=oembed\" frameborder=\"0\" allow=\"accelerometer; autoplay; clipboard-write; encrypted-media; gyroscope; picture-in-picture; web-share\" referrerpolicy=\"strict-origin-when-cross-origin\" allowfullscreen><\/iframe>\n<\/div><\/figure>\n","protected":false},"excerpt":{"rendered":"<p>Performance, 2019. Evento SegundaPreta, Teatro Espanca, Belo Horizonte\/ MG. Fotografias: Mayara Laila. Na Resid\u00eancia Art\u00edstica &#8220;Terra Una&#8221;. Fotografias: Mariel Fabris. A performer mistura o rastro de realidade dado pelas fotografias antigas e hist\u00f3rias ancestrais associadas a Oy\u00e1, para falar sobre mulheres de ontem e de hoje que est\u00e3o em constante risco, mas reagem e resistem &hellip; <\/p>\n<p class=\"link-more\"><a href=\"http:\/\/maiamariana.com.br\/?page_id=174\" class=\"more-link\">Continue reading<span class=\"screen-reader-text\"> &#8220;M\u00e3e do Entardecer&#8221;<\/span><\/a><\/p>\n","protected":false},"author":1,"featured_media":192,"parent":0,"menu_order":0,"comment_status":"closed","ping_status":"closed","template":"","meta":{"ngg_post_thumbnail":0,"footnotes":""},"class_list":["post-174","page","type-page","status-publish","has-post-thumbnail","hentry","entry"],"_links":{"self":[{"href":"http:\/\/maiamariana.com.br\/index.php?rest_route=\/wp\/v2\/pages\/174","targetHints":{"allow":["GET"]}}],"collection":[{"href":"http:\/\/maiamariana.com.br\/index.php?rest_route=\/wp\/v2\/pages"}],"about":[{"href":"http:\/\/maiamariana.com.br\/index.php?rest_route=\/wp\/v2\/types\/page"}],"author":[{"embeddable":true,"href":"http:\/\/maiamariana.com.br\/index.php?rest_route=\/wp\/v2\/users\/1"}],"replies":[{"embeddable":true,"href":"http:\/\/maiamariana.com.br\/index.php?rest_route=%2Fwp%2Fv2%2Fcomments&post=174"}],"version-history":[{"count":1,"href":"http:\/\/maiamariana.com.br\/index.php?rest_route=\/wp\/v2\/pages\/174\/revisions"}],"predecessor-version":[{"id":194,"href":"http:\/\/maiamariana.com.br\/index.php?rest_route=\/wp\/v2\/pages\/174\/revisions\/194"}],"wp:featuredmedia":[{"embeddable":true,"href":"http:\/\/maiamariana.com.br\/index.php?rest_route=\/wp\/v2\/media\/192"}],"wp:attachment":[{"href":"http:\/\/maiamariana.com.br\/index.php?rest_route=%2Fwp%2Fv2%2Fmedia&parent=174"}],"curies":[{"name":"wp","href":"https:\/\/api.w.org\/{rel}","templated":true}]}}